{"id":1650,"date":"2023-10-14T10:39:46","date_gmt":"2023-10-14T10:39:46","guid":{"rendered":"https:\/\/wansda.net\/?post_type=product&#038;p=1650"},"modified":"2023-10-14T10:49:56","modified_gmt":"2023-10-14T10:49:56","slug":"classic-tv32-43inch-hd-fhd-custom-tv%ef%bc%89","status":"publish","type":"product","link":"https:\/\/wansda.net\/es\/producto\/classic-tv32-43inch-hd-fhd-custom-tv%ef%bc%89\/","title":{"rendered":"TV CL\u00c1SICA (TV personalizada HD\/FHD de 32-43 pulgadas)"},"content":{"rendered":"<p><u>32 pulgadas WDP06-3201\/3202\/3203<\/u><\/p>\n<p>N \u00ba de Modelo.<span style=\"font-family: var(--global-body-font-family);\">WDP06-3203<\/span><\/p>\n<p>Tama\u00f1o del cart\u00f3n:<span style=\"font-family: var(--global-body-font-family);\">765*89*465\u00a0\u00a0<\/span><span style=\"font-family: var(--global-body-font-family);\">(mm) <\/span><span style=\"font-family: var(--global-body-font-family);\">L*H*W <\/span><span style=\"font-family: var(--global-body-font-family);\">Cantidad de carga (juegos) <\/span><\/p>\n<p><span style=\"font-family: var(--global-body-font-family);\">960\/2250 unidades (cart\u00f3n EE de 5 capas) para 20 pies\/40 HQ<\/span><\/p>\n<p>Tama\u00f1o del cart\u00f3n:<span style=\"font-family: var(--global-body-font-family);\">770*93*470<\/span><span style=\"font-family: var(--global-body-font-family);\">\u00a0\u00a0<\/span><span style=\"font-family: var(--global-body-font-family);\">(mm) <\/span><span style=\"font-family: var(--global-body-font-family);\">L*H*W <\/span><span style=\"font-family: var(--global-body-font-family);\">Cantidad de carga (juegos)<\/span><\/p>\n<p><span style=\"font-family: var(--global-body-font-family);\">882\/2066 unidades (cart\u00f3n BC de 5 capas) para 20 pies\/40 HQ<\/span><\/p>\n<p>Retroiluminaci\u00f3n: TV DLED Dise\u00f1o moderno con bisel frontal muy estrecho<\/p>\n<p>Sistema de TV: PAL\u3001SECAM \u3001NTSC\u3001ATSC\u3001DVB-C\/T\/T2\/S2\u3001 ISDB-T\u3001DTMB\u3001Smart<\/p>\n<p>Fuente de alimentaci\u00f3n de voltaje de amplio rango<\/p>\n<p>M\u00faltiples lenguas<\/p>\n<p>Resoluci\u00f3n: HD<\/p>\n<p>Marco: Pl\u00e1stico<\/p>\n<p>Altavoz: altavoz con im\u00e1n grande y caja<\/p>\n<p>opci\u00f3n 10W*2 con sonido HiFi<\/p>\n<p><img loading=\"lazy\" decoding=\"async\" class=\"alignnone  wp-image-1655\" src=\"https:\/\/wansda.net\/wp-content\/uploads\/2023\/10\/\u5fae\u4fe1\u622a\u56fe_20231014184438-300x27.jpg\" alt=\"\" width=\"334\" height=\"30\" srcset=\"https:\/\/wansda.net\/wp-content\/uploads\/2023\/10\/\u5fae\u4fe1\u622a\u56fe_20231014184438-300x27.jpg 300w, https:\/\/wansda.net\/wp-content\/uploads\/2023\/10\/\u5fae\u4fe1\u622a\u56fe_20231014184438-1024x91.jpg 1024w, https:\/\/wansda.net\/wp-content\/uploads\/2023\/10\/\u5fae\u4fe1\u622a\u56fe_20231014184438-768x68.jpg 768w, https:\/\/wansda.net\/wp-content\/uploads\/2023\/10\/\u5fae\u4fe1\u622a\u56fe_20231014184438-18x2.jpg 18w, https:\/\/wansda.net\/wp-content\/uploads\/2023\/10\/\u5fae\u4fe1\u622a\u56fe_20231014184438-700x62.jpg 700w, https:\/\/wansda.net\/wp-content\/uploads\/2023\/10\/\u5fae\u4fe1\u622a\u56fe_20231014184438.jpg 1077w\" sizes=\"auto, (max-width: 334px) 100vw, 334px\" \/><\/p>","protected":false},"excerpt":{"rendered":"<p>32 pulgadas WDP06-3201\/3202\/3203 Modelo No.WDP06-3203 Tama\u00f1o de la caja: 765*89*465 (mm) L*H*W Cantidad de carga (juegos) 960\/2250 unidades (cart\u00f3n EE de 5 capas) para 20 pies\/40 Tama\u00f1o de la caja HQ: 770*93*470 (mm) L*H*W Cantidad de carga (juegos) 882\/2066 unidades (cart\u00f3n BC de 5 capas) para 20 pies\/40 HQ Retroiluminaci\u00f3n: TV DLED Dise\u00f1o moderno con bisel frontal muy estrecho Sistema de TV : PAL\u3001SECAM \u3001NTSC\u3001ATSC\u3001DVB-C\/T\/T2\/S2\u3001 ISDB-T\u3001DTMB\u3001Smart Fuente de alimentaci\u00f3n de voltaje de amplio rango M\u00faltiples idiomas Resoluci\u00f3n:\u2026<\/p>","protected":false},"featured_media":1601,"comment_status":"open","ping_status":"closed","template":"","meta":{"_kad_blocks_custom_css":"","_kad_blocks_head_custom_js":"","_kad_blocks_body_custom_js":"","_kad_blocks_footer_custom_js":"","_kad_post_transparent":"default","_kad_post_title":"","_kad_post_layout":"default","_kad_post_sidebar_id":"","_kad_post_content_style":"default","_kad_post_vertical_padding":"default","_kad_post_feature":"","_kad_post_feature_position":"","_kad_post_header":false,"_kad_post_footer":false},"product_brand":[],"product_cat":[33],"product_tag":[],"class_list":{"0":"post-1650","1":"product","2":"type-product","3":"status-publish","4":"has-post-thumbnail","6":"product_cat-superior-classicsmart-led-tv","8":"first","9":"instock","10":"shipping-taxable","11":"product-type-simple","12":"entry","13":"content-bg","14":"loop-entry"},"yoast_head":"<!-- This site is optimized with the Yoast SEO Premium plugin v20.5 (Yoast SEO v22.7) - https:\/\/yoast.com\/wordpress\/plugins\/seo\/ -->\n<title>CLASSIC TV(32-43inch HD\/FHD custom TV\uff09 - WANSDA<\/title>\n<meta name=\"robots\" content=\"index, follow, max-snippet:-1, max-image-preview:large, max-video-preview:-1\" \/>\n<link rel=\"canonical\" href=\"https:\/\/wansda.net\/es\/producto\/classic-tv32-43inch-hd-fhd-custom-tv\uff09\/\" \/>\n<meta property=\"og:locale\" content=\"es_ES\" \/>\n<meta property=\"og:type\" content=\"article\" \/>\n<meta property=\"og:title\" content=\"CLASSIC TV(32-43inch HD\/FHD custom TV\uff09\" \/>\n<meta property=\"og:description\" content=\"32 inch WDP06-3201\/3202\/3203 Model No.WDP06-3203 Carton Size\uff1a765*89*465\u00a0\u00a0(mm) L*H*W Loading Quantity(Sets) 960\/2250 units (5 layers EE carton) for 20feet\/40 HQ Carton Size\uff1a770*93*470\u00a0\u00a0(mm) L*H*W Loading Quantity(Sets) 882\/2066 units (5 layers BC carton) for 20feet\/40 HQ Backlight\uff1aDLED TV Fashionable design with very narrow front bezel TV System: PAL\u3001SECAM \u3001NTSC\u3001ATSC\u3001DVB-C\/T\/T2\/S2\u3001 ISDB-T\u3001DTMB\u3001Smart Wide range voltage power supply Multi languages Resolution:...\" \/>\n<meta property=\"og:url\" content=\"https:\/\/wansda.net\/es\/producto\/classic-tv32-43inch-hd-fhd-custom-tv\uff09\/\" \/>\n<meta property=\"og:site_name\" content=\"WANSDA\" \/>\n<meta property=\"article:modified_time\" content=\"2023-10-14T10:49:56+00:00\" \/>\n<meta property=\"og:image\" content=\"https:\/\/wansda.net\/wp-content\/uploads\/2023\/10\/\u56fe\u7247-2.png\" \/>\n\t<meta property=\"og:image:width\" content=\"2057\" \/>\n\t<meta property=\"og:image:height\" content=\"487\" \/>\n\t<meta property=\"og:image:type\" content=\"image\/png\" \/>\n<meta name=\"twitter:card\" content=\"summary_large_image\" \/>\n<meta name=\"twitter:label1\" content=\"Tiempo de lectura\" \/>\n\t<meta name=\"twitter:data1\" content=\"1 minuto\" \/>\n<script type=\"application\/ld+json\" class=\"yoast-schema-graph\">{\"@context\":\"https:\/\/schema.org\",\"@graph\":[{\"@type\":\"WebPage\",\"@id\":\"https:\/\/wansda.net\/product\/classic-tv32-43inch-hd-fhd-custom-tv%ef%bc%89\/\",\"url\":\"https:\/\/wansda.net\/product\/classic-tv32-43inch-hd-fhd-custom-tv%ef%bc%89\/\",\"name\":\"CLASSIC TV(32-43inch HD\/FHD custom TV\uff09 - WANSDA\",\"isPartOf\":{\"@id\":\"https:\/\/wansda.net\/#website\"},\"primaryImageOfPage\":{\"@id\":\"https:\/\/wansda.net\/product\/classic-tv32-43inch-hd-fhd-custom-tv%ef%bc%89\/#primaryimage\"},\"image\":{\"@id\":\"https:\/\/wansda.net\/product\/classic-tv32-43inch-hd-fhd-custom-tv%ef%bc%89\/#primaryimage\"},\"thumbnailUrl\":\"https:\/\/wansda.net\/wp-content\/uploads\/2023\/10\/\u56fe\u7247-2.png\",\"datePublished\":\"2023-10-14T10:39:46+00:00\",\"dateModified\":\"2023-10-14T10:49:56+00:00\",\"breadcrumb\":{\"@id\":\"https:\/\/wansda.net\/product\/classic-tv32-43inch-hd-fhd-custom-tv%ef%bc%89\/#breadcrumb\"},\"inLanguage\":\"es\",\"potentialAction\":[{\"@type\":\"ReadAction\",\"target\":[\"https:\/\/wansda.net\/product\/classic-tv32-43inch-hd-fhd-custom-tv%ef%bc%89\/\"]}]},{\"@type\":\"ImageObject\",\"inLanguage\":\"es\",\"@id\":\"https:\/\/wansda.net\/product\/classic-tv32-43inch-hd-fhd-custom-tv%ef%bc%89\/#primaryimage\",\"url\":\"https:\/\/wansda.net\/wp-content\/uploads\/2023\/10\/\u56fe\u7247-2.png\",\"contentUrl\":\"https:\/\/wansda.net\/wp-content\/uploads\/2023\/10\/\u56fe\u7247-2.png\",\"width\":2057,\"height\":487},{\"@type\":\"BreadcrumbList\",\"@id\":\"https:\/\/wansda.net\/product\/classic-tv32-43inch-hd-fhd-custom-tv%ef%bc%89\/#breadcrumb\",\"itemListElement\":[{\"@type\":\"ListItem\",\"position\":1,\"name\":\"Home\",\"item\":\"https:\/\/wansda.net\/\"},{\"@type\":\"ListItem\",\"position\":2,\"name\":\"Product\",\"item\":\"https:\/\/wansda.net\/product\/\"},{\"@type\":\"ListItem\",\"position\":3,\"name\":\"CLASSIC TV(32-43inch HD\/FHD custom TV\uff09\"}]},{\"@type\":\"WebSite\",\"@id\":\"https:\/\/wansda.net\/#website\",\"url\":\"https:\/\/wansda.net\/\",\"name\":\"WANSDA\",\"description\":\"WANSDA\",\"publisher\":{\"@id\":\"https:\/\/wansda.net\/#organization\"},\"potentialAction\":[{\"@type\":\"SearchAction\",\"target\":{\"@type\":\"EntryPoint\",\"urlTemplate\":\"https:\/\/wansda.net\/?s={search_term_string}\"},\"query-input\":\"required name=search_term_string\"}],\"inLanguage\":\"es\"},{\"@type\":\"Organization\",\"@id\":\"https:\/\/wansda.net\/#organization\",\"name\":\"WANSDA\",\"url\":\"https:\/\/wansda.net\/\",\"logo\":{\"@type\":\"ImageObject\",\"inLanguage\":\"es\",\"@id\":\"https:\/\/wansda.net\/#\/schema\/logo\/image\/\",\"url\":\"https:\/\/wansda.net\/wp-content\/uploads\/2023\/10\/cropped-774ac2eb264f88d7de1cdded4021f93.jpg\",\"contentUrl\":\"https:\/\/wansda.net\/wp-content\/uploads\/2023\/10\/cropped-774ac2eb264f88d7de1cdded4021f93.jpg\",\"width\":1039,\"height\":252,\"caption\":\"WANSDA\"},\"image\":{\"@id\":\"https:\/\/wansda.net\/#\/schema\/logo\/image\/\"}}]}<\/script>\n<!-- \/ Yoast SEO Premium plugin. -->","yoast_head_json":{"title":"CLASSIC TV(32-43inch HD\/FHD custom TV\uff09 - WANSDA","robots":{"index":"index","follow":"follow","max-snippet":"max-snippet:-1","max-image-preview":"max-image-preview:large","max-video-preview":"max-video-preview:-1"},"canonical":"https:\/\/wansda.net\/es\/producto\/classic-tv32-43inch-hd-fhd-custom-tv\uff09\/","og_locale":"es_ES","og_type":"article","og_title":"CLASSIC TV(32-43inch HD\/FHD custom TV\uff09","og_description":"32 inch WDP06-3201\/3202\/3203 Model No.WDP06-3203 Carton Size\uff1a765*89*465\u00a0\u00a0(mm) L*H*W Loading Quantity(Sets) 960\/2250 units (5 layers EE carton) for 20feet\/40 HQ Carton Size\uff1a770*93*470\u00a0\u00a0(mm) L*H*W Loading Quantity(Sets) 882\/2066 units (5 layers BC carton) for 20feet\/40 HQ Backlight\uff1aDLED TV Fashionable design with very narrow front bezel TV System: PAL\u3001SECAM \u3001NTSC\u3001ATSC\u3001DVB-C\/T\/T2\/S2\u3001 ISDB-T\u3001DTMB\u3001Smart Wide range voltage power supply Multi languages Resolution:...","og_url":"https:\/\/wansda.net\/es\/producto\/classic-tv32-43inch-hd-fhd-custom-tv\uff09\/","og_site_name":"WANSDA","article_modified_time":"2023-10-14T10:49:56+00:00","og_image":[{"width":2057,"height":487,"url":"https:\/\/wansda.net\/wp-content\/uploads\/2023\/10\/\u56fe\u7247-2.png","type":"image\/png"}],"twitter_card":"summary_large_image","twitter_misc":{"Tiempo de lectura":"1 minuto"},"schema":{"@context":"https:\/\/schema.org","@graph":[{"@type":"WebPage","@id":"https:\/\/wansda.net\/product\/classic-tv32-43inch-hd-fhd-custom-tv%ef%bc%89\/","url":"https:\/\/wansda.net\/product\/classic-tv32-43inch-hd-fhd-custom-tv%ef%bc%89\/","name":"CLASSIC TV(32-43inch HD\/FHD custom TV\uff09 - WANSDA","isPartOf":{"@id":"https:\/\/wansda.net\/#website"},"primaryImageOfPage":{"@id":"https:\/\/wansda.net\/product\/classic-tv32-43inch-hd-fhd-custom-tv%ef%bc%89\/#primaryimage"},"image":{"@id":"https:\/\/wansda.net\/product\/classic-tv32-43inch-hd-fhd-custom-tv%ef%bc%89\/#primaryimage"},"thumbnailUrl":"https:\/\/wansda.net\/wp-content\/uploads\/2023\/10\/\u56fe\u7247-2.png","datePublished":"2023-10-14T10:39:46+00:00","dateModified":"2023-10-14T10:49:56+00:00","breadcrumb":{"@id":"https:\/\/wansda.net\/product\/classic-tv32-43inch-hd-fhd-custom-tv%ef%bc%89\/#breadcrumb"},"inLanguage":"es","potentialAction":[{"@type":"ReadAction","target":["https:\/\/wansda.net\/product\/classic-tv32-43inch-hd-fhd-custom-tv%ef%bc%89\/"]}]},{"@type":"ImageObject","inLanguage":"es","@id":"https:\/\/wansda.net\/product\/classic-tv32-43inch-hd-fhd-custom-tv%ef%bc%89\/#primaryimage","url":"https:\/\/wansda.net\/wp-content\/uploads\/2023\/10\/\u56fe\u7247-2.png","contentUrl":"https:\/\/wansda.net\/wp-content\/uploads\/2023\/10\/\u56fe\u7247-2.png","width":2057,"height":487},{"@type":"BreadcrumbList","@id":"https:\/\/wansda.net\/product\/classic-tv32-43inch-hd-fhd-custom-tv%ef%bc%89\/#breadcrumb","itemListElement":[{"@type":"ListItem","position":1,"name":"Home","item":"https:\/\/wansda.net\/"},{"@type":"ListItem","position":2,"name":"Product","item":"https:\/\/wansda.net\/product\/"},{"@type":"ListItem","position":3,"name":"CLASSIC TV(32-43inch HD\/FHD custom TV\uff09"}]},{"@type":"WebSite","@id":"https:\/\/wansda.net\/#website","url":"https:\/\/wansda.net\/","name":"WANSDA","description":"WANSDA","publisher":{"@id":"https:\/\/wansda.net\/#organization"},"potentialAction":[{"@type":"SearchAction","target":{"@type":"EntryPoint","urlTemplate":"https:\/\/wansda.net\/?s={search_term_string}"},"query-input":"required name=search_term_string"}],"inLanguage":"es"},{"@type":"Organization","@id":"https:\/\/wansda.net\/#organization","name":"WANSDA","url":"https:\/\/wansda.net\/","logo":{"@type":"ImageObject","inLanguage":"es","@id":"https:\/\/wansda.net\/#\/schema\/logo\/image\/","url":"https:\/\/wansda.net\/wp-content\/uploads\/2023\/10\/cropped-774ac2eb264f88d7de1cdded4021f93.jpg","contentUrl":"https:\/\/wansda.net\/wp-content\/uploads\/2023\/10\/cropped-774ac2eb264f88d7de1cdded4021f93.jpg","width":1039,"height":252,"caption":"WANSDA"},"image":{"@id":"https:\/\/wansda.net\/#\/schema\/logo\/image\/"}}]}},"taxonomy_info":{"product_cat":[{"value":33,"label":"SUPERIOR CLASSIC&amp;SMART LED TV"}]},"featured_image_src_large":["https:\/\/wansda.net\/wp-content\/uploads\/2023\/10\/\u56fe\u7247-2-1024x242.png",1024,242,true],"author_info":[],"comment_info":0,"_links":{"self":[{"href":"https:\/\/wansda.net\/es\/wp-json\/wp\/v2\/product\/1650","targetHints":{"allow":["GET"]}}],"collection":[{"href":"https:\/\/wansda.net\/es\/wp-json\/wp\/v2\/product"}],"about":[{"href":"https:\/\/wansda.net\/es\/wp-json\/wp\/v2\/types\/product"}],"replies":[{"embeddable":true,"href":"https:\/\/wansda.net\/es\/wp-json\/wp\/v2\/comments?post=1650"}],"wp:featuredmedia":[{"embeddable":true,"href":"https:\/\/wansda.net\/es\/wp-json\/wp\/v2\/media\/1601"}],"wp:attachment":[{"href":"https:\/\/wansda.net\/es\/wp-json\/wp\/v2\/media?parent=1650"}],"wp:term":[{"taxonomy":"product_brand","embeddable":true,"href":"https:\/\/wansda.net\/es\/wp-json\/wp\/v2\/product_brand?post=1650"},{"taxonomy":"product_cat","embeddable":true,"href":"https:\/\/wansda.net\/es\/wp-json\/wp\/v2\/product_cat?post=1650"},{"taxonomy":"product_tag","embeddable":true,"href":"https:\/\/wansda.net\/es\/wp-json\/wp\/v2\/product_tag?post=1650"}],"curies":[{"name":"wp","href":"https:\/\/api.w.org\/{rel}","templated":true}]}}