{"id":1659,"date":"2023-10-14T13:18:47","date_gmt":"2023-10-14T13:18:47","guid":{"rendered":"https:\/\/wansda.net\/?post_type=product&#038;p=1659"},"modified":"2023-10-14T13:18:48","modified_gmt":"2023-10-14T13:18:48","slug":"carryon-billboard-bag","status":"publish","type":"product","link":"https:\/\/wansda.net\/es\/producto\/carryon-billboard-bag\/","title":{"rendered":"BOLSA CARTELERA DE CARR\u00d3N"},"content":{"rendered":"<p>Cartelera publicitaria para caminar con mochila LCD de 21,5 pulgadas al aire libre<\/p>\n<p>Impermeable<\/p>\n<p>android\/wifi<\/p>\n<p>Potencia de la bater\u00eda<\/p>\n<p>N\u00famero de modelo: WSD20230222<\/p>\n<p>Color: Color personalizado<\/p>\n<p>Aplicaci\u00f3n: Tablero de exhibici\u00f3n al aire libre<\/p>\n<p>Resoluci\u00f3n: 1920\u00d71080<\/p>\n<p>Material: aleaci\u00f3n de aluminio<\/p>\n<p>Peso: 3,6 KG<\/p>\n<p>Lugar de origen: Guangdong, China<\/p>\n<p><img loading=\"lazy\" decoding=\"async\" class=\"alignnone size-medium wp-image-1655\" src=\"https:\/\/wansda.net\/wp-content\/uploads\/2023\/10\/\u5fae\u4fe1\u622a\u56fe_20231014184438-300x27.jpg\" alt=\"\" width=\"300\" height=\"27\" srcset=\"https:\/\/wansda.net\/wp-content\/uploads\/2023\/10\/\u5fae\u4fe1\u622a\u56fe_20231014184438-300x27.jpg 300w, https:\/\/wansda.net\/wp-content\/uploads\/2023\/10\/\u5fae\u4fe1\u622a\u56fe_20231014184438-1024x91.jpg 1024w, https:\/\/wansda.net\/wp-content\/uploads\/2023\/10\/\u5fae\u4fe1\u622a\u56fe_20231014184438-768x68.jpg 768w, https:\/\/wansda.net\/wp-content\/uploads\/2023\/10\/\u5fae\u4fe1\u622a\u56fe_20231014184438-18x2.jpg 18w, https:\/\/wansda.net\/wp-content\/uploads\/2023\/10\/\u5fae\u4fe1\u622a\u56fe_20231014184438-700x62.jpg 700w, https:\/\/wansda.net\/wp-content\/uploads\/2023\/10\/\u5fae\u4fe1\u622a\u56fe_20231014184438.jpg 1077w\" sizes=\"auto, (max-width: 300px) 100vw, 300px\" \/><\/p>","protected":false},"excerpt":{"rendered":"<p>Mochila LCD para exteriores de 21,5 pulgadas, cartelera publicitaria para caminar, resistente al agua, Android\/Wifi, energ\u00eda de la bater\u00eda N\u00famero de modelo: WSD20230222 Color: Color personalizado Aplicaci\u00f3n: Tablero de anuncios para exteriores Resoluci\u00f3n: 1920 \u00d7 1080 Material: Aleaci\u00f3n de aluminio Peso: 3,6 KG Lugar de origen: Guangdong, China<\/p>","protected":false},"featured_media":1641,"comment_status":"open","ping_status":"closed","template":"","meta":{"_kad_blocks_custom_css":"","_kad_blocks_head_custom_js":"","_kad_blocks_body_custom_js":"","_kad_blocks_footer_custom_js":"","_kad_post_transparent":"default","_kad_post_title":"","_kad_post_layout":"default","_kad_post_sidebar_id":"","_kad_post_content_style":"default","_kad_post_vertical_padding":"default","_kad_post_feature":"","_kad_post_feature_position":"","_kad_post_header":false,"_kad_post_footer":false},"product_brand":[],"product_cat":[38],"product_tag":[],"class_list":{"0":"post-1659","1":"product","2":"type-product","3":"status-publish","4":"has-post-thumbnail","6":"product_cat-carryon-billboard","8":"first","9":"instock","10":"shipping-taxable","11":"product-type-simple","12":"entry","13":"content-bg","14":"loop-entry"},"yoast_head":"<!-- This site is optimized with the Yoast SEO Premium plugin v20.5 (Yoast SEO v22.7) - https:\/\/yoast.com\/wordpress\/plugins\/seo\/ -->\n<title>CARRYON BILLBOARD BAG - WANSDA<\/title>\n<meta name=\"robots\" content=\"index, follow, max-snippet:-1, max-image-preview:large, max-video-preview:-1\" \/>\n<link rel=\"canonical\" href=\"https:\/\/wansda.net\/es\/producto\/carryon-billboard-bag\/\" \/>\n<meta property=\"og:locale\" content=\"es_ES\" \/>\n<meta property=\"og:type\" content=\"article\" \/>\n<meta property=\"og:title\" content=\"CARRYON BILLBOARD BAG\" \/>\n<meta property=\"og:description\" content=\"Outdoor 21.5 inch LCD Backpack Walking Advertising\u00a0Billboard Water-proof Android\/\u00a0Wifi Battery power Model Number:WSD20230222 Color: Customized Color Application:Outdoor Display Board Resolution:1920&#215;1080 Material:Aluminum Alloy Weight:3.6KG Place of Origin:Guangdong, China\" \/>\n<meta property=\"og:url\" content=\"https:\/\/wansda.net\/es\/producto\/carryon-billboard-bag\/\" \/>\n<meta property=\"og:site_name\" content=\"WANSDA\" \/>\n<meta property=\"article:modified_time\" content=\"2023-10-14T13:18:48+00:00\" \/>\n<meta property=\"og:image\" content=\"https:\/\/wansda.net\/wp-content\/uploads\/2023\/10\/\u56fe\u7247-1-5-1024x1024.png\" \/>\n\t<meta property=\"og:image:width\" content=\"1024\" \/>\n\t<meta property=\"og:image:height\" content=\"1024\" \/>\n\t<meta property=\"og:image:type\" content=\"image\/png\" \/>\n<meta name=\"twitter:card\" content=\"summary_large_image\" \/>\n<meta name=\"twitter:label1\" content=\"Tiempo de lectura\" \/>\n\t<meta name=\"twitter:data1\" content=\"1 minuto\" \/>\n<script type=\"application\/ld+json\" class=\"yoast-schema-graph\">{\"@context\":\"https:\/\/schema.org\",\"@graph\":[{\"@type\":\"WebPage\",\"@id\":\"https:\/\/wansda.net\/product\/carryon-billboard-bag\/\",\"url\":\"https:\/\/wansda.net\/product\/carryon-billboard-bag\/\",\"name\":\"CARRYON BILLBOARD BAG - WANSDA\",\"isPartOf\":{\"@id\":\"https:\/\/wansda.net\/#website\"},\"primaryImageOfPage\":{\"@id\":\"https:\/\/wansda.net\/product\/carryon-billboard-bag\/#primaryimage\"},\"image\":{\"@id\":\"https:\/\/wansda.net\/product\/carryon-billboard-bag\/#primaryimage\"},\"thumbnailUrl\":\"https:\/\/wansda.net\/wp-content\/uploads\/2023\/10\/\u56fe\u7247-1-5.png\",\"datePublished\":\"2023-10-14T13:18:47+00:00\",\"dateModified\":\"2023-10-14T13:18:48+00:00\",\"breadcrumb\":{\"@id\":\"https:\/\/wansda.net\/product\/carryon-billboard-bag\/#breadcrumb\"},\"inLanguage\":\"es\",\"potentialAction\":[{\"@type\":\"ReadAction\",\"target\":[\"https:\/\/wansda.net\/product\/carryon-billboard-bag\/\"]}]},{\"@type\":\"ImageObject\",\"inLanguage\":\"es\",\"@id\":\"https:\/\/wansda.net\/product\/carryon-billboard-bag\/#primaryimage\",\"url\":\"https:\/\/wansda.net\/wp-content\/uploads\/2023\/10\/\u56fe\u7247-1-5.png\",\"contentUrl\":\"https:\/\/wansda.net\/wp-content\/uploads\/2023\/10\/\u56fe\u7247-1-5.png\",\"width\":2857,\"height\":2857},{\"@type\":\"BreadcrumbList\",\"@id\":\"https:\/\/wansda.net\/product\/carryon-billboard-bag\/#breadcrumb\",\"itemListElement\":[{\"@type\":\"ListItem\",\"position\":1,\"name\":\"Home\",\"item\":\"https:\/\/wansda.net\/\"},{\"@type\":\"ListItem\",\"position\":2,\"name\":\"Product\",\"item\":\"https:\/\/wansda.net\/product\/\"},{\"@type\":\"ListItem\",\"position\":3,\"name\":\"CARRYON BILLBOARD BAG\"}]},{\"@type\":\"WebSite\",\"@id\":\"https:\/\/wansda.net\/#website\",\"url\":\"https:\/\/wansda.net\/\",\"name\":\"WANSDA\",\"description\":\"WANSDA\",\"publisher\":{\"@id\":\"https:\/\/wansda.net\/#organization\"},\"potentialAction\":[{\"@type\":\"SearchAction\",\"target\":{\"@type\":\"EntryPoint\",\"urlTemplate\":\"https:\/\/wansda.net\/?s={search_term_string}\"},\"query-input\":\"required name=search_term_string\"}],\"inLanguage\":\"es\"},{\"@type\":\"Organization\",\"@id\":\"https:\/\/wansda.net\/#organization\",\"name\":\"WANSDA\",\"url\":\"https:\/\/wansda.net\/\",\"logo\":{\"@type\":\"ImageObject\",\"inLanguage\":\"es\",\"@id\":\"https:\/\/wansda.net\/#\/schema\/logo\/image\/\",\"url\":\"https:\/\/wansda.net\/wp-content\/uploads\/2023\/10\/cropped-774ac2eb264f88d7de1cdded4021f93.jpg\",\"contentUrl\":\"https:\/\/wansda.net\/wp-content\/uploads\/2023\/10\/cropped-774ac2eb264f88d7de1cdded4021f93.jpg\",\"width\":1039,\"height\":252,\"caption\":\"WANSDA\"},\"image\":{\"@id\":\"https:\/\/wansda.net\/#\/schema\/logo\/image\/\"}}]}<\/script>\n<!-- \/ Yoast SEO Premium plugin. -->","yoast_head_json":{"title":"CARRYON BILLBOARD BAG - WANSDA","robots":{"index":"index","follow":"follow","max-snippet":"max-snippet:-1","max-image-preview":"max-image-preview:large","max-video-preview":"max-video-preview:-1"},"canonical":"https:\/\/wansda.net\/es\/producto\/carryon-billboard-bag\/","og_locale":"es_ES","og_type":"article","og_title":"CARRYON BILLBOARD BAG","og_description":"Outdoor 21.5 inch LCD Backpack Walking Advertising\u00a0Billboard Water-proof Android\/\u00a0Wifi Battery power Model Number:WSD20230222 Color: Customized Color Application:Outdoor Display Board Resolution:1920&#215;1080 Material:Aluminum Alloy Weight:3.6KG Place of Origin:Guangdong, China","og_url":"https:\/\/wansda.net\/es\/producto\/carryon-billboard-bag\/","og_site_name":"WANSDA","article_modified_time":"2023-10-14T13:18:48+00:00","og_image":[{"width":1024,"height":1024,"url":"https:\/\/wansda.net\/wp-content\/uploads\/2023\/10\/\u56fe\u7247-1-5-1024x1024.png","type":"image\/png"}],"twitter_card":"summary_large_image","twitter_misc":{"Tiempo de lectura":"1 minuto"},"schema":{"@context":"https:\/\/schema.org","@graph":[{"@type":"WebPage","@id":"https:\/\/wansda.net\/product\/carryon-billboard-bag\/","url":"https:\/\/wansda.net\/product\/carryon-billboard-bag\/","name":"CARRYON BILLBOARD BAG - WANSDA","isPartOf":{"@id":"https:\/\/wansda.net\/#website"},"primaryImageOfPage":{"@id":"https:\/\/wansda.net\/product\/carryon-billboard-bag\/#primaryimage"},"image":{"@id":"https:\/\/wansda.net\/product\/carryon-billboard-bag\/#primaryimage"},"thumbnailUrl":"https:\/\/wansda.net\/wp-content\/uploads\/2023\/10\/\u56fe\u7247-1-5.png","datePublished":"2023-10-14T13:18:47+00:00","dateModified":"2023-10-14T13:18:48+00:00","breadcrumb":{"@id":"https:\/\/wansda.net\/product\/carryon-billboard-bag\/#breadcrumb"},"inLanguage":"es","potentialAction":[{"@type":"ReadAction","target":["https:\/\/wansda.net\/product\/carryon-billboard-bag\/"]}]},{"@type":"ImageObject","inLanguage":"es","@id":"https:\/\/wansda.net\/product\/carryon-billboard-bag\/#primaryimage","url":"https:\/\/wansda.net\/wp-content\/uploads\/2023\/10\/\u56fe\u7247-1-5.png","contentUrl":"https:\/\/wansda.net\/wp-content\/uploads\/2023\/10\/\u56fe\u7247-1-5.png","width":2857,"height":2857},{"@type":"BreadcrumbList","@id":"https:\/\/wansda.net\/product\/carryon-billboard-bag\/#breadcrumb","itemListElement":[{"@type":"ListItem","position":1,"name":"Home","item":"https:\/\/wansda.net\/"},{"@type":"ListItem","position":2,"name":"Product","item":"https:\/\/wansda.net\/product\/"},{"@type":"ListItem","position":3,"name":"CARRYON BILLBOARD BAG"}]},{"@type":"WebSite","@id":"https:\/\/wansda.net\/#website","url":"https:\/\/wansda.net\/","name":"WANSDA","description":"WANSDA","publisher":{"@id":"https:\/\/wansda.net\/#organization"},"potentialAction":[{"@type":"SearchAction","target":{"@type":"EntryPoint","urlTemplate":"https:\/\/wansda.net\/?s={search_term_string}"},"query-input":"required name=search_term_string"}],"inLanguage":"es"},{"@type":"Organization","@id":"https:\/\/wansda.net\/#organization","name":"WANSDA","url":"https:\/\/wansda.net\/","logo":{"@type":"ImageObject","inLanguage":"es","@id":"https:\/\/wansda.net\/#\/schema\/logo\/image\/","url":"https:\/\/wansda.net\/wp-content\/uploads\/2023\/10\/cropped-774ac2eb264f88d7de1cdded4021f93.jpg","contentUrl":"https:\/\/wansda.net\/wp-content\/uploads\/2023\/10\/cropped-774ac2eb264f88d7de1cdded4021f93.jpg","width":1039,"height":252,"caption":"WANSDA"},"image":{"@id":"https:\/\/wansda.net\/#\/schema\/logo\/image\/"}}]}},"taxonomy_info":{"product_cat":[{"value":38,"label":"CARRYON BILLBOARD"}]},"featured_image_src_large":["https:\/\/wansda.net\/wp-content\/uploads\/2023\/10\/\u56fe\u7247-1-5-1024x1024.png",1024,1024,true],"author_info":[],"comment_info":0,"_links":{"self":[{"href":"https:\/\/wansda.net\/es\/wp-json\/wp\/v2\/product\/1659","targetHints":{"allow":["GET"]}}],"collection":[{"href":"https:\/\/wansda.net\/es\/wp-json\/wp\/v2\/product"}],"about":[{"href":"https:\/\/wansda.net\/es\/wp-json\/wp\/v2\/types\/product"}],"replies":[{"embeddable":true,"href":"https:\/\/wansda.net\/es\/wp-json\/wp\/v2\/comments?post=1659"}],"wp:featuredmedia":[{"embeddable":true,"href":"https:\/\/wansda.net\/es\/wp-json\/wp\/v2\/media\/1641"}],"wp:attachment":[{"href":"https:\/\/wansda.net\/es\/wp-json\/wp\/v2\/media?parent=1659"}],"wp:term":[{"taxonomy":"product_brand","embeddable":true,"href":"https:\/\/wansda.net\/es\/wp-json\/wp\/v2\/product_brand?post=1659"},{"taxonomy":"product_cat","embeddable":true,"href":"https:\/\/wansda.net\/es\/wp-json\/wp\/v2\/product_cat?post=1659"},{"taxonomy":"product_tag","embeddable":true,"href":"https:\/\/wansda.net\/es\/wp-json\/wp\/v2\/product_tag?post=1659"}],"curies":[{"name":"wp","href":"https:\/\/api.w.org\/{rel}","templated":true}]}}