{"id":1661,"date":"2023-10-14T13:21:53","date_gmt":"2023-10-14T13:21:53","guid":{"rendered":"https:\/\/wansda.net\/?post_type=product&#038;p=1661"},"modified":"2023-10-14T13:23:09","modified_gmt":"2023-10-14T13:23:09","slug":"outdoor-carry-on-billboard-bag","status":"publish","type":"product","link":"https:\/\/wansda.net\/es\/producto\/outdoor-carry-on-billboard-bag\/","title":{"rendered":"BOLSA DE TRANSPORTE AL AIRE LIBRE PARA CARTELERAS"},"content":{"rendered":"<p>Valla publicitaria digital al aire libre\/valla publicitaria m\u00f3vil para caminar<\/p>\n<p>Cartelera para caminar al aire libre de 21,5 pulgadas<\/p>\n<p>Cartelera Publicitaria Android Wifi<\/p>\n<p>Potencia de la bater\u00eda<\/p>\n<p>Impermeable<\/p>\n<p>android\/wifi<\/p>\n<p>Potencia de la bater\u00eda<\/p>\n<p>N\u00famero de modelo: WSD20230333<\/p>\n<p>Color: Color personalizado<\/p>\n<p>Aplicaci\u00f3n: Tablero de anuncios al aire libre<\/p>\n<p>Resoluci\u00f3n: 1920\u00d71080<\/p>\n<p>Material: aleaci\u00f3n de aluminio<\/p>\n<p>Peso: 3,6 KG<\/p>\n<p>Lugar de origen: Guangdong, China<\/p>\n<p><img loading=\"lazy\" decoding=\"async\" class=\"alignnone  wp-image-1655\" src=\"https:\/\/wansda.net\/wp-content\/uploads\/2023\/10\/\u5fae\u4fe1\u622a\u56fe_20231014184438-300x27.jpg\" alt=\"\" width=\"322\" height=\"29\" srcset=\"https:\/\/wansda.net\/wp-content\/uploads\/2023\/10\/\u5fae\u4fe1\u622a\u56fe_20231014184438-300x27.jpg 300w, https:\/\/wansda.net\/wp-content\/uploads\/2023\/10\/\u5fae\u4fe1\u622a\u56fe_20231014184438-1024x91.jpg 1024w, https:\/\/wansda.net\/wp-content\/uploads\/2023\/10\/\u5fae\u4fe1\u622a\u56fe_20231014184438-768x68.jpg 768w, https:\/\/wansda.net\/wp-content\/uploads\/2023\/10\/\u5fae\u4fe1\u622a\u56fe_20231014184438-18x2.jpg 18w, https:\/\/wansda.net\/wp-content\/uploads\/2023\/10\/\u5fae\u4fe1\u622a\u56fe_20231014184438-700x62.jpg 700w, https:\/\/wansda.net\/wp-content\/uploads\/2023\/10\/\u5fae\u4fe1\u622a\u56fe_20231014184438.jpg 1077w\" sizes=\"auto, (max-width: 322px) 100vw, 322px\" \/><\/p>","protected":false},"excerpt":{"rendered":"<p>Cartelera digital para exteriores\/cartelera m\u00f3vil para caminar Cartelera para caminar de 21,5 pulgadas para exteriores Cartelera publicitaria para Android Wifi Energ\u00eda de la bater\u00eda Android\/Wifi a prueba de agua Energ\u00eda de la bater\u00eda N\u00famero de modelo: WSD20230333 Color: Color personalizado Aplicaci\u00f3n: Tablero de anuncios para exteriores Resoluci\u00f3n: 1920 \u00d7 1080 Material: Aleaci\u00f3n de aluminio Peso: 3,6 KG Lugar de origen: Guangdong, China<\/p>","protected":false},"featured_media":1642,"comment_status":"open","ping_status":"closed","template":"","meta":{"_kad_blocks_custom_css":"","_kad_blocks_head_custom_js":"","_kad_blocks_body_custom_js":"","_kad_blocks_footer_custom_js":"","_kad_post_transparent":"default","_kad_post_title":"","_kad_post_layout":"default","_kad_post_sidebar_id":"","_kad_post_content_style":"default","_kad_post_vertical_padding":"default","_kad_post_feature":"","_kad_post_feature_position":"","_kad_post_header":false,"_kad_post_footer":false},"product_brand":[],"product_cat":[38],"product_tag":[],"class_list":{"0":"post-1661","1":"product","2":"type-product","3":"status-publish","4":"has-post-thumbnail","6":"product_cat-carryon-billboard","8":"first","9":"instock","10":"shipping-taxable","11":"product-type-simple","12":"entry","13":"content-bg","14":"loop-entry"},"yoast_head":"<!-- This site is optimized with the Yoast SEO Premium plugin v20.5 (Yoast SEO v22.7) - https:\/\/yoast.com\/wordpress\/plugins\/seo\/ -->\n<title>OUTDOOR CARRY ON BILLBOARD BAG - WANSDA<\/title>\n<meta name=\"robots\" content=\"index, follow, max-snippet:-1, max-image-preview:large, max-video-preview:-1\" \/>\n<link rel=\"canonical\" href=\"https:\/\/wansda.net\/es\/producto\/outdoor-carry-on-billboard-bag\/\" \/>\n<meta property=\"og:locale\" content=\"es_ES\" \/>\n<meta property=\"og:type\" content=\"article\" \/>\n<meta property=\"og:title\" content=\"OUTDOOR CARRY ON BILLBOARD BAG\" \/>\n<meta property=\"og:description\" content=\"Outdoor Digital Billboard \/Walking Mobile Billboard Outdoor 21.5 inch\u00a0Walking Billboard Android Advertising Billboard Wifi Battery power Water-proof Android\/\u00a0Wifi Battery power Model Number:WSD20230333 Color: Customized Color Application: Outdoor Display Board Resolution:1920&#215;1080 Material: Aluminum Alloy Weight:3.6KG Place of Origin:\u00a0Guangdong, China\" \/>\n<meta property=\"og:url\" content=\"https:\/\/wansda.net\/es\/producto\/outdoor-carry-on-billboard-bag\/\" \/>\n<meta property=\"og:site_name\" content=\"WANSDA\" \/>\n<meta property=\"article:modified_time\" content=\"2023-10-14T13:23:09+00:00\" \/>\n<meta property=\"og:image\" content=\"https:\/\/wansda.net\/wp-content\/uploads\/2023\/10\/\u56fe\u7247-2-5-1024x1024.png\" \/>\n\t<meta property=\"og:image:width\" content=\"1024\" \/>\n\t<meta property=\"og:image:height\" content=\"1024\" \/>\n\t<meta property=\"og:image:type\" content=\"image\/png\" \/>\n<meta name=\"twitter:card\" content=\"summary_large_image\" \/>\n<meta name=\"twitter:label1\" content=\"Tiempo de lectura\" \/>\n\t<meta name=\"twitter:data1\" content=\"1 minuto\" \/>\n<script type=\"application\/ld+json\" class=\"yoast-schema-graph\">{\"@context\":\"https:\/\/schema.org\",\"@graph\":[{\"@type\":\"WebPage\",\"@id\":\"https:\/\/wansda.net\/product\/outdoor-carry-on-billboard-bag\/\",\"url\":\"https:\/\/wansda.net\/product\/outdoor-carry-on-billboard-bag\/\",\"name\":\"OUTDOOR CARRY ON BILLBOARD BAG - WANSDA\",\"isPartOf\":{\"@id\":\"https:\/\/wansda.net\/#website\"},\"primaryImageOfPage\":{\"@id\":\"https:\/\/wansda.net\/product\/outdoor-carry-on-billboard-bag\/#primaryimage\"},\"image\":{\"@id\":\"https:\/\/wansda.net\/product\/outdoor-carry-on-billboard-bag\/#primaryimage\"},\"thumbnailUrl\":\"https:\/\/wansda.net\/wp-content\/uploads\/2023\/10\/\u56fe\u7247-2-5.png\",\"datePublished\":\"2023-10-14T13:21:53+00:00\",\"dateModified\":\"2023-10-14T13:23:09+00:00\",\"breadcrumb\":{\"@id\":\"https:\/\/wansda.net\/product\/outdoor-carry-on-billboard-bag\/#breadcrumb\"},\"inLanguage\":\"es\",\"potentialAction\":[{\"@type\":\"ReadAction\",\"target\":[\"https:\/\/wansda.net\/product\/outdoor-carry-on-billboard-bag\/\"]}]},{\"@type\":\"ImageObject\",\"inLanguage\":\"es\",\"@id\":\"https:\/\/wansda.net\/product\/outdoor-carry-on-billboard-bag\/#primaryimage\",\"url\":\"https:\/\/wansda.net\/wp-content\/uploads\/2023\/10\/\u56fe\u7247-2-5.png\",\"contentUrl\":\"https:\/\/wansda.net\/wp-content\/uploads\/2023\/10\/\u56fe\u7247-2-5.png\",\"width\":5133,\"height\":5133},{\"@type\":\"BreadcrumbList\",\"@id\":\"https:\/\/wansda.net\/product\/outdoor-carry-on-billboard-bag\/#breadcrumb\",\"itemListElement\":[{\"@type\":\"ListItem\",\"position\":1,\"name\":\"Home\",\"item\":\"https:\/\/wansda.net\/\"},{\"@type\":\"ListItem\",\"position\":2,\"name\":\"Product\",\"item\":\"https:\/\/wansda.net\/product\/\"},{\"@type\":\"ListItem\",\"position\":3,\"name\":\"OUTDOOR CARRY ON BILLBOARD BAG\"}]},{\"@type\":\"WebSite\",\"@id\":\"https:\/\/wansda.net\/#website\",\"url\":\"https:\/\/wansda.net\/\",\"name\":\"WANSDA\",\"description\":\"WANSDA\",\"publisher\":{\"@id\":\"https:\/\/wansda.net\/#organization\"},\"potentialAction\":[{\"@type\":\"SearchAction\",\"target\":{\"@type\":\"EntryPoint\",\"urlTemplate\":\"https:\/\/wansda.net\/?s={search_term_string}\"},\"query-input\":\"required name=search_term_string\"}],\"inLanguage\":\"es\"},{\"@type\":\"Organization\",\"@id\":\"https:\/\/wansda.net\/#organization\",\"name\":\"WANSDA\",\"url\":\"https:\/\/wansda.net\/\",\"logo\":{\"@type\":\"ImageObject\",\"inLanguage\":\"es\",\"@id\":\"https:\/\/wansda.net\/#\/schema\/logo\/image\/\",\"url\":\"https:\/\/wansda.net\/wp-content\/uploads\/2023\/10\/cropped-774ac2eb264f88d7de1cdded4021f93.jpg\",\"contentUrl\":\"https:\/\/wansda.net\/wp-content\/uploads\/2023\/10\/cropped-774ac2eb264f88d7de1cdded4021f93.jpg\",\"width\":1039,\"height\":252,\"caption\":\"WANSDA\"},\"image\":{\"@id\":\"https:\/\/wansda.net\/#\/schema\/logo\/image\/\"}}]}<\/script>\n<!-- \/ Yoast SEO Premium plugin. -->","yoast_head_json":{"title":"OUTDOOR CARRY ON BILLBOARD BAG - WANSDA","robots":{"index":"index","follow":"follow","max-snippet":"max-snippet:-1","max-image-preview":"max-image-preview:large","max-video-preview":"max-video-preview:-1"},"canonical":"https:\/\/wansda.net\/es\/producto\/outdoor-carry-on-billboard-bag\/","og_locale":"es_ES","og_type":"article","og_title":"OUTDOOR CARRY ON BILLBOARD BAG","og_description":"Outdoor Digital Billboard \/Walking Mobile Billboard Outdoor 21.5 inch\u00a0Walking Billboard Android Advertising Billboard Wifi Battery power Water-proof Android\/\u00a0Wifi Battery power Model Number:WSD20230333 Color: Customized Color Application: Outdoor Display Board Resolution:1920&#215;1080 Material: Aluminum Alloy Weight:3.6KG Place of Origin:\u00a0Guangdong, China","og_url":"https:\/\/wansda.net\/es\/producto\/outdoor-carry-on-billboard-bag\/","og_site_name":"WANSDA","article_modified_time":"2023-10-14T13:23:09+00:00","og_image":[{"width":1024,"height":1024,"url":"https:\/\/wansda.net\/wp-content\/uploads\/2023\/10\/\u56fe\u7247-2-5-1024x1024.png","type":"image\/png"}],"twitter_card":"summary_large_image","twitter_misc":{"Tiempo de lectura":"1 minuto"},"schema":{"@context":"https:\/\/schema.org","@graph":[{"@type":"WebPage","@id":"https:\/\/wansda.net\/product\/outdoor-carry-on-billboard-bag\/","url":"https:\/\/wansda.net\/product\/outdoor-carry-on-billboard-bag\/","name":"OUTDOOR CARRY ON BILLBOARD BAG - WANSDA","isPartOf":{"@id":"https:\/\/wansda.net\/#website"},"primaryImageOfPage":{"@id":"https:\/\/wansda.net\/product\/outdoor-carry-on-billboard-bag\/#primaryimage"},"image":{"@id":"https:\/\/wansda.net\/product\/outdoor-carry-on-billboard-bag\/#primaryimage"},"thumbnailUrl":"https:\/\/wansda.net\/wp-content\/uploads\/2023\/10\/\u56fe\u7247-2-5.png","datePublished":"2023-10-14T13:21:53+00:00","dateModified":"2023-10-14T13:23:09+00:00","breadcrumb":{"@id":"https:\/\/wansda.net\/product\/outdoor-carry-on-billboard-bag\/#breadcrumb"},"inLanguage":"es","potentialAction":[{"@type":"ReadAction","target":["https:\/\/wansda.net\/product\/outdoor-carry-on-billboard-bag\/"]}]},{"@type":"ImageObject","inLanguage":"es","@id":"https:\/\/wansda.net\/product\/outdoor-carry-on-billboard-bag\/#primaryimage","url":"https:\/\/wansda.net\/wp-content\/uploads\/2023\/10\/\u56fe\u7247-2-5.png","contentUrl":"https:\/\/wansda.net\/wp-content\/uploads\/2023\/10\/\u56fe\u7247-2-5.png","width":5133,"height":5133},{"@type":"BreadcrumbList","@id":"https:\/\/wansda.net\/product\/outdoor-carry-on-billboard-bag\/#breadcrumb","itemListElement":[{"@type":"ListItem","position":1,"name":"Home","item":"https:\/\/wansda.net\/"},{"@type":"ListItem","position":2,"name":"Product","item":"https:\/\/wansda.net\/product\/"},{"@type":"ListItem","position":3,"name":"OUTDOOR CARRY ON BILLBOARD BAG"}]},{"@type":"WebSite","@id":"https:\/\/wansda.net\/#website","url":"https:\/\/wansda.net\/","name":"WANSDA","description":"WANSDA","publisher":{"@id":"https:\/\/wansda.net\/#organization"},"potentialAction":[{"@type":"SearchAction","target":{"@type":"EntryPoint","urlTemplate":"https:\/\/wansda.net\/?s={search_term_string}"},"query-input":"required name=search_term_string"}],"inLanguage":"es"},{"@type":"Organization","@id":"https:\/\/wansda.net\/#organization","name":"WANSDA","url":"https:\/\/wansda.net\/","logo":{"@type":"ImageObject","inLanguage":"es","@id":"https:\/\/wansda.net\/#\/schema\/logo\/image\/","url":"https:\/\/wansda.net\/wp-content\/uploads\/2023\/10\/cropped-774ac2eb264f88d7de1cdded4021f93.jpg","contentUrl":"https:\/\/wansda.net\/wp-content\/uploads\/2023\/10\/cropped-774ac2eb264f88d7de1cdded4021f93.jpg","width":1039,"height":252,"caption":"WANSDA"},"image":{"@id":"https:\/\/wansda.net\/#\/schema\/logo\/image\/"}}]}},"taxonomy_info":{"product_cat":[{"value":38,"label":"CARRYON BILLBOARD"}]},"featured_image_src_large":["https:\/\/wansda.net\/wp-content\/uploads\/2023\/10\/\u56fe\u7247-2-5-1024x1024.png",1024,1024,true],"author_info":[],"comment_info":0,"_links":{"self":[{"href":"https:\/\/wansda.net\/es\/wp-json\/wp\/v2\/product\/1661","targetHints":{"allow":["GET"]}}],"collection":[{"href":"https:\/\/wansda.net\/es\/wp-json\/wp\/v2\/product"}],"about":[{"href":"https:\/\/wansda.net\/es\/wp-json\/wp\/v2\/types\/product"}],"replies":[{"embeddable":true,"href":"https:\/\/wansda.net\/es\/wp-json\/wp\/v2\/comments?post=1661"}],"wp:featuredmedia":[{"embeddable":true,"href":"https:\/\/wansda.net\/es\/wp-json\/wp\/v2\/media\/1642"}],"wp:attachment":[{"href":"https:\/\/wansda.net\/es\/wp-json\/wp\/v2\/media?parent=1661"}],"wp:term":[{"taxonomy":"product_brand","embeddable":true,"href":"https:\/\/wansda.net\/es\/wp-json\/wp\/v2\/product_brand?post=1661"},{"taxonomy":"product_cat","embeddable":true,"href":"https:\/\/wansda.net\/es\/wp-json\/wp\/v2\/product_cat?post=1661"},{"taxonomy":"product_tag","embeddable":true,"href":"https:\/\/wansda.net\/es\/wp-json\/wp\/v2\/product_tag?post=1661"}],"curies":[{"name":"wp","href":"https:\/\/api.w.org\/{rel}","templated":true}]}}