{"id":1667,"date":"2023-10-14T13:33:47","date_gmt":"2023-10-14T13:33:47","guid":{"rendered":"https:\/\/wansda.net\/?post_type=product&#038;p=1667"},"modified":"2023-10-14T13:46:54","modified_gmt":"2023-10-14T13:46:54","slug":"free-standing-indoor-lcd-advertising-display","status":"publish","type":"product","link":"https:\/\/wansda.net\/es\/producto\/free-standing-indoor-lcd-advertising-display\/","title":{"rendered":"\u00a0Pantalla publicitaria LCD independiente para interiores"},"content":{"rendered":"<p>Nombre del producto: Pantalla publicitaria LCD independiente para interiores<\/p>\n<p>Tama\u00f1o del panel: 32\u2033-65\u2033<\/p>\n<p>Material: marco de metal, panel LCD<\/p>\n<p>Funci\u00f3n: Exhibici\u00f3n de publicidad<\/p>\n<p>Paquete Paquete de cart\u00f3n de madera de alta calidad<\/p>\n<p>Sistema operativo:<\/p>\n<p>USB independiente, Android, compatible con el sistema Win10<\/p>\n<p>Opci\u00f3n de pantalla t\u00e1ctil IR t\u00e1ctil, t\u00e1ctil capacitiva<\/p>\n<p>Pantalla de visualizaci\u00f3n:<\/p>\n<p>Pantalla con \u00e1ngulo de visi\u00f3n completo, 1920*1080 FHD, retroiluminaci\u00f3n LED<\/p>\n<p>\u00c1ngulo de visi\u00f3n: 89\/89(H),89\/89(V);<\/p>\n<p>Relaci\u00f3n de contraste: 3000;<\/p>\n<p>Brillo: 350cdm2;<\/p>\n<p>Relaci\u00f3n: 16:9<\/p>\n<p>WiFi Internet; 3G\/4G opcional; Ethernet RJ45;<\/p>\n<p>Interfaz: puerto RJ45; Ranura para tarjetas SD; Puerto USB; Puerto WiFi;<\/p>\n<p>Interruptor encendido \/ apagado<\/p>\n<p>Formato de v\u00eddeo MPEG-1, MPEG-2, MPEG-4, H.264, H.265, RV, etc.<\/p>\n<p>admite hasta 1080p<\/p>\n<p>Formato de audio MP3\/WMA\/AAC, etc. Foto jepg<\/p>\n<p>Consumo de energ\u00eda: 48\u201478W<\/p>\n<p>Soporte en varios idiomas; Placa de alimentaci\u00f3n interna (AC100-240V)<\/p>\n<p>Accesorios Cable de CA, caja de embalaje, base para soporte de suelo<\/p>\n<p><img loading=\"lazy\" decoding=\"async\" class=\"alignnone wp-image-1655\" src=\"https:\/\/wansda.net\/wp-content\/uploads\/2023\/10\/\u5fae\u4fe1\u622a\u56fe_20231014184438-300x27.jpg\" alt=\"\" width=\"356\" height=\"32\" srcset=\"https:\/\/wansda.net\/wp-content\/uploads\/2023\/10\/\u5fae\u4fe1\u622a\u56fe_20231014184438-300x27.jpg 300w, https:\/\/wansda.net\/wp-content\/uploads\/2023\/10\/\u5fae\u4fe1\u622a\u56fe_20231014184438-1024x91.jpg 1024w, https:\/\/wansda.net\/wp-content\/uploads\/2023\/10\/\u5fae\u4fe1\u622a\u56fe_20231014184438-768x68.jpg 768w, https:\/\/wansda.net\/wp-content\/uploads\/2023\/10\/\u5fae\u4fe1\u622a\u56fe_20231014184438-18x2.jpg 18w, https:\/\/wansda.net\/wp-content\/uploads\/2023\/10\/\u5fae\u4fe1\u622a\u56fe_20231014184438-700x62.jpg 700w, https:\/\/wansda.net\/wp-content\/uploads\/2023\/10\/\u5fae\u4fe1\u622a\u56fe_20231014184438.jpg 1077w\" sizes=\"auto, (max-width: 356px) 100vw, 356px\" \/><\/p>","protected":false},"excerpt":{"rendered":"<p>Nombre del producto: Pantalla publicitaria LCD independiente para interiores Tama\u00f1o del panel: 32 \u2033 -65 \u2033 Material: Marco de metal, panel LCD Funci\u00f3n: Paquete de exhibici\u00f3n publicitaria Paquete de cart\u00f3n de madera de alta calidad Sistema operativo: USB independiente, Android, compatible con sistema Win10 Opci\u00f3n de pantalla t\u00e1ctil IR Pantalla t\u00e1ctil capacitiva: pantalla con \u00e1ngulo de visi\u00f3n completo, 1920*1080 FHD, retroiluminaci\u00f3n LED \u00c1ngulo de visi\u00f3n: 89\/89(H), 89\/89(V); Relaci\u00f3n de contraste: 3000; Brillo: 350cdm2;\u2026<\/p>","protected":false},"featured_media":1673,"comment_status":"open","ping_status":"closed","template":"","meta":{"_kad_blocks_custom_css":"","_kad_blocks_head_custom_js":"","_kad_blocks_body_custom_js":"","_kad_blocks_footer_custom_js":"","_kad_post_transparent":"default","_kad_post_title":"","_kad_post_layout":"default","_kad_post_sidebar_id":"","_kad_post_content_style":"default","_kad_post_vertical_padding":"default","_kad_post_feature":"","_kad_post_feature_position":"","_kad_post_header":false,"_kad_post_footer":false},"product_brand":[],"product_cat":[37],"product_tag":[],"class_list":{"0":"post-1667","1":"product","2":"type-product","3":"status-publish","4":"has-post-thumbnail","6":"product_cat-commercial-billboard","8":"first","9":"instock","10":"shipping-taxable","11":"product-type-simple","12":"entry","13":"content-bg","14":"loop-entry"},"yoast_head":"<!-- This site is optimized with the Yoast SEO Premium plugin v20.5 (Yoast SEO v22.7) - https:\/\/yoast.com\/wordpress\/plugins\/seo\/ -->\n<title>\u00a0Free standing indoor LCD advertising display - WANSDA<\/title>\n<meta name=\"robots\" content=\"index, follow, max-snippet:-1, max-image-preview:large, max-video-preview:-1\" \/>\n<link rel=\"canonical\" href=\"https:\/\/wansda.net\/es\/producto\/free-standing-indoor-lcd-advertising-display\/\" \/>\n<meta property=\"og:locale\" content=\"es_ES\" \/>\n<meta property=\"og:type\" content=\"article\" \/>\n<meta property=\"og:title\" content=\"\u00a0Free standing indoor LCD advertising display\" \/>\n<meta property=\"og:description\" content=\"Product Name\uff1a\u00a0Free standing indoor LCD advertising display Panel size:\u00a032&#8243;-65&#8243; Material: Metal Frame, LCD Panel Function:\u00a0Advertising Display Package High Quality Wooden Carton Package Operation System: USB Stand alone, Android, Support Win10 system Touch Screen Option IR Touch, Capacitive Touch Display Screen: Full view angle screen, 1920*1080 FHD, LED backlight View angle: 89\/89(H),89\/89(V); Contrast ratio:3000; Brightness: 350cdm2;...\" \/>\n<meta property=\"og:url\" content=\"https:\/\/wansda.net\/es\/producto\/free-standing-indoor-lcd-advertising-display\/\" \/>\n<meta property=\"og:site_name\" content=\"WANSDA\" \/>\n<meta property=\"article:modified_time\" content=\"2023-10-14T13:46:54+00:00\" \/>\n<meta property=\"og:image\" content=\"https:\/\/wansda.net\/wp-content\/uploads\/2023\/10\/\u56fe-\u7f29\u5c0f-2.jpg\" \/>\n\t<meta property=\"og:image:width\" content=\"405\" \/>\n\t<meta property=\"og:image:height\" content=\"838\" \/>\n\t<meta property=\"og:image:type\" content=\"image\/jpeg\" \/>\n<meta name=\"twitter:card\" content=\"summary_large_image\" \/>\n<meta name=\"twitter:label1\" content=\"Tiempo de lectura\" \/>\n\t<meta name=\"twitter:data1\" content=\"1 minuto\" \/>\n<script type=\"application\/ld+json\" class=\"yoast-schema-graph\">{\"@context\":\"https:\/\/schema.org\",\"@graph\":[{\"@type\":\"WebPage\",\"@id\":\"https:\/\/wansda.net\/product\/free-standing-indoor-lcd-advertising-display\/\",\"url\":\"https:\/\/wansda.net\/product\/free-standing-indoor-lcd-advertising-display\/\",\"name\":\"\u00a0Free standing indoor LCD advertising display - WANSDA\",\"isPartOf\":{\"@id\":\"https:\/\/wansda.net\/#website\"},\"primaryImageOfPage\":{\"@id\":\"https:\/\/wansda.net\/product\/free-standing-indoor-lcd-advertising-display\/#primaryimage\"},\"image\":{\"@id\":\"https:\/\/wansda.net\/product\/free-standing-indoor-lcd-advertising-display\/#primaryimage\"},\"thumbnailUrl\":\"https:\/\/wansda.net\/wp-content\/uploads\/2023\/10\/\u56fe-\u7f29\u5c0f-2.jpg\",\"datePublished\":\"2023-10-14T13:33:47+00:00\",\"dateModified\":\"2023-10-14T13:46:54+00:00\",\"breadcrumb\":{\"@id\":\"https:\/\/wansda.net\/product\/free-standing-indoor-lcd-advertising-display\/#breadcrumb\"},\"inLanguage\":\"es\",\"potentialAction\":[{\"@type\":\"ReadAction\",\"target\":[\"https:\/\/wansda.net\/product\/free-standing-indoor-lcd-advertising-display\/\"]}]},{\"@type\":\"ImageObject\",\"inLanguage\":\"es\",\"@id\":\"https:\/\/wansda.net\/product\/free-standing-indoor-lcd-advertising-display\/#primaryimage\",\"url\":\"https:\/\/wansda.net\/wp-content\/uploads\/2023\/10\/\u56fe-\u7f29\u5c0f-2.jpg\",\"contentUrl\":\"https:\/\/wansda.net\/wp-content\/uploads\/2023\/10\/\u56fe-\u7f29\u5c0f-2.jpg\",\"width\":405,\"height\":838},{\"@type\":\"BreadcrumbList\",\"@id\":\"https:\/\/wansda.net\/product\/free-standing-indoor-lcd-advertising-display\/#breadcrumb\",\"itemListElement\":[{\"@type\":\"ListItem\",\"position\":1,\"name\":\"Home\",\"item\":\"https:\/\/wansda.net\/\"},{\"@type\":\"ListItem\",\"position\":2,\"name\":\"Product\",\"item\":\"https:\/\/wansda.net\/product\/\"},{\"@type\":\"ListItem\",\"position\":3,\"name\":\"\u00a0Free standing indoor LCD advertising display\"}]},{\"@type\":\"WebSite\",\"@id\":\"https:\/\/wansda.net\/#website\",\"url\":\"https:\/\/wansda.net\/\",\"name\":\"WANSDA\",\"description\":\"WANSDA\",\"publisher\":{\"@id\":\"https:\/\/wansda.net\/#organization\"},\"potentialAction\":[{\"@type\":\"SearchAction\",\"target\":{\"@type\":\"EntryPoint\",\"urlTemplate\":\"https:\/\/wansda.net\/?s={search_term_string}\"},\"query-input\":\"required name=search_term_string\"}],\"inLanguage\":\"es\"},{\"@type\":\"Organization\",\"@id\":\"https:\/\/wansda.net\/#organization\",\"name\":\"WANSDA\",\"url\":\"https:\/\/wansda.net\/\",\"logo\":{\"@type\":\"ImageObject\",\"inLanguage\":\"es\",\"@id\":\"https:\/\/wansda.net\/#\/schema\/logo\/image\/\",\"url\":\"https:\/\/wansda.net\/wp-content\/uploads\/2023\/10\/cropped-774ac2eb264f88d7de1cdded4021f93.jpg\",\"contentUrl\":\"https:\/\/wansda.net\/wp-content\/uploads\/2023\/10\/cropped-774ac2eb264f88d7de1cdded4021f93.jpg\",\"width\":1039,\"height\":252,\"caption\":\"WANSDA\"},\"image\":{\"@id\":\"https:\/\/wansda.net\/#\/schema\/logo\/image\/\"}}]}<\/script>\n<!-- \/ Yoast SEO Premium plugin. -->","yoast_head_json":{"title":"\u00a0Free standing indoor LCD advertising display - WANSDA","robots":{"index":"index","follow":"follow","max-snippet":"max-snippet:-1","max-image-preview":"max-image-preview:large","max-video-preview":"max-video-preview:-1"},"canonical":"https:\/\/wansda.net\/es\/producto\/free-standing-indoor-lcd-advertising-display\/","og_locale":"es_ES","og_type":"article","og_title":"\u00a0Free standing indoor LCD advertising display","og_description":"Product Name\uff1a\u00a0Free standing indoor LCD advertising display Panel size:\u00a032&#8243;-65&#8243; Material: Metal Frame, LCD Panel Function:\u00a0Advertising Display Package High Quality Wooden Carton Package Operation System: USB Stand alone, Android, Support Win10 system Touch Screen Option IR Touch, Capacitive Touch Display Screen: Full view angle screen, 1920*1080 FHD, LED backlight View angle: 89\/89(H),89\/89(V); Contrast ratio:3000; Brightness: 350cdm2;...","og_url":"https:\/\/wansda.net\/es\/producto\/free-standing-indoor-lcd-advertising-display\/","og_site_name":"WANSDA","article_modified_time":"2023-10-14T13:46:54+00:00","og_image":[{"width":405,"height":838,"url":"https:\/\/wansda.net\/wp-content\/uploads\/2023\/10\/\u56fe-\u7f29\u5c0f-2.jpg","type":"image\/jpeg"}],"twitter_card":"summary_large_image","twitter_misc":{"Tiempo de lectura":"1 minuto"},"schema":{"@context":"https:\/\/schema.org","@graph":[{"@type":"WebPage","@id":"https:\/\/wansda.net\/product\/free-standing-indoor-lcd-advertising-display\/","url":"https:\/\/wansda.net\/product\/free-standing-indoor-lcd-advertising-display\/","name":"\u00a0Free standing indoor LCD advertising display - WANSDA","isPartOf":{"@id":"https:\/\/wansda.net\/#website"},"primaryImageOfPage":{"@id":"https:\/\/wansda.net\/product\/free-standing-indoor-lcd-advertising-display\/#primaryimage"},"image":{"@id":"https:\/\/wansda.net\/product\/free-standing-indoor-lcd-advertising-display\/#primaryimage"},"thumbnailUrl":"https:\/\/wansda.net\/wp-content\/uploads\/2023\/10\/\u56fe-\u7f29\u5c0f-2.jpg","datePublished":"2023-10-14T13:33:47+00:00","dateModified":"2023-10-14T13:46:54+00:00","breadcrumb":{"@id":"https:\/\/wansda.net\/product\/free-standing-indoor-lcd-advertising-display\/#breadcrumb"},"inLanguage":"es","potentialAction":[{"@type":"ReadAction","target":["https:\/\/wansda.net\/product\/free-standing-indoor-lcd-advertising-display\/"]}]},{"@type":"ImageObject","inLanguage":"es","@id":"https:\/\/wansda.net\/product\/free-standing-indoor-lcd-advertising-display\/#primaryimage","url":"https:\/\/wansda.net\/wp-content\/uploads\/2023\/10\/\u56fe-\u7f29\u5c0f-2.jpg","contentUrl":"https:\/\/wansda.net\/wp-content\/uploads\/2023\/10\/\u56fe-\u7f29\u5c0f-2.jpg","width":405,"height":838},{"@type":"BreadcrumbList","@id":"https:\/\/wansda.net\/product\/free-standing-indoor-lcd-advertising-display\/#breadcrumb","itemListElement":[{"@type":"ListItem","position":1,"name":"Home","item":"https:\/\/wansda.net\/"},{"@type":"ListItem","position":2,"name":"Product","item":"https:\/\/wansda.net\/product\/"},{"@type":"ListItem","position":3,"name":"\u00a0Free standing indoor LCD advertising display"}]},{"@type":"WebSite","@id":"https:\/\/wansda.net\/#website","url":"https:\/\/wansda.net\/","name":"WANSDA","description":"WANSDA","publisher":{"@id":"https:\/\/wansda.net\/#organization"},"potentialAction":[{"@type":"SearchAction","target":{"@type":"EntryPoint","urlTemplate":"https:\/\/wansda.net\/?s={search_term_string}"},"query-input":"required name=search_term_string"}],"inLanguage":"es"},{"@type":"Organization","@id":"https:\/\/wansda.net\/#organization","name":"WANSDA","url":"https:\/\/wansda.net\/","logo":{"@type":"ImageObject","inLanguage":"es","@id":"https:\/\/wansda.net\/#\/schema\/logo\/image\/","url":"https:\/\/wansda.net\/wp-content\/uploads\/2023\/10\/cropped-774ac2eb264f88d7de1cdded4021f93.jpg","contentUrl":"https:\/\/wansda.net\/wp-content\/uploads\/2023\/10\/cropped-774ac2eb264f88d7de1cdded4021f93.jpg","width":1039,"height":252,"caption":"WANSDA"},"image":{"@id":"https:\/\/wansda.net\/#\/schema\/logo\/image\/"}}]}},"taxonomy_info":{"product_cat":[{"value":37,"label":"COMMERCIAL BILLBOARD"}]},"featured_image_src_large":["https:\/\/wansda.net\/wp-content\/uploads\/2023\/10\/\u56fe-\u7f29\u5c0f-2.jpg",405,838,false],"author_info":[],"comment_info":2,"_links":{"self":[{"href":"https:\/\/wansda.net\/es\/wp-json\/wp\/v2\/product\/1667","targetHints":{"allow":["GET"]}}],"collection":[{"href":"https:\/\/wansda.net\/es\/wp-json\/wp\/v2\/product"}],"about":[{"href":"https:\/\/wansda.net\/es\/wp-json\/wp\/v2\/types\/product"}],"replies":[{"embeddable":true,"href":"https:\/\/wansda.net\/es\/wp-json\/wp\/v2\/comments?post=1667"}],"wp:featuredmedia":[{"embeddable":true,"href":"https:\/\/wansda.net\/es\/wp-json\/wp\/v2\/media\/1673"}],"wp:attachment":[{"href":"https:\/\/wansda.net\/es\/wp-json\/wp\/v2\/media?parent=1667"}],"wp:term":[{"taxonomy":"product_brand","embeddable":true,"href":"https:\/\/wansda.net\/es\/wp-json\/wp\/v2\/product_brand?post=1667"},{"taxonomy":"product_cat","embeddable":true,"href":"https:\/\/wansda.net\/es\/wp-json\/wp\/v2\/product_cat?post=1667"},{"taxonomy":"product_tag","embeddable":true,"href":"https:\/\/wansda.net\/es\/wp-json\/wp\/v2\/product_tag?post=1667"}],"curies":[{"name":"wp","href":"https:\/\/api.w.org\/{rel}","templated":true}]}}