{"id":1680,"date":"2023-10-14T14:02:45","date_gmt":"2023-10-14T14:02:45","guid":{"rendered":"https:\/\/wansda.net\/?post_type=product&#038;p=1680"},"modified":"2023-10-14T14:02:46","modified_gmt":"2023-10-14T14:02:46","slug":"advertising-display-splicing-screen-2","status":"publish","type":"product","link":"https:\/\/wansda.net\/es\/producto\/advertising-display-splicing-screen-2\/","title":{"rendered":"Pantalla publicitaria\/pantalla de empalme"},"content":{"rendered":"<p>Pantalla publicitaria\/pantalla de empalme<\/p>\n<p>Tama\u00f1o de pantalla: 46&#039;&#039;\/49&#039;&#039;\/ 55&#039;&#039;<\/p>\n<p>Tecnolog\u00eda de paneles: a-Si TFT-LCD\/DID\/IPS<\/p>\n<p>Relaci\u00f3n de aspecto: 16:9<\/p>\n<p>Resoluci\u00f3n nativa: 1920X1080 (FHD)<\/p>\n<p>Brillo: 450 cd\/ 500 cd\/500 cd (opcional)<\/p>\n<p>Relaci\u00f3n de contraste: 3000:1<\/p>\n<p>\u00c1ngulo visual (HxV): 89\/89\/89\/89 (t\u00edpico) (CR\u226510)<\/p>\n<p>Tiempo de respuesta: 8 (t\u00edpico) (G a G) ms<\/p>\n<p>Tratamiento superficial: Revestimiento duro (3H), tratamiento antideslumbrante del polarizador frontal (Haze 25%)<\/p>\n<p>Orientaci\u00f3n: vertical y horizontal<\/p>\n<p>CONECTIVIDAD Entrada: HDMI,DVI,VGA,AV,CVBS<\/p>\n<p>Salida: LVDS, retroiluminaci\u00f3n<\/p>\n<p>Control externo: RS232, RJ45, receptor IR<\/p>\n<p>Fuente de alimentaci\u00f3n: 110-240 V, 50\/60 Hz.<\/p>\n<p>EST\u00c1NDAR (CERTIFICACI\u00d3N): CE, ROHS, EMC y SASO<\/p>\n<p><img loading=\"lazy\" decoding=\"async\" class=\"alignnone  wp-image-1655\" src=\"https:\/\/wansda.net\/wp-content\/uploads\/2023\/10\/\u5fae\u4fe1\u622a\u56fe_20231014184438-300x27.jpg\" alt=\"\" width=\"355\" height=\"32\" srcset=\"https:\/\/wansda.net\/wp-content\/uploads\/2023\/10\/\u5fae\u4fe1\u622a\u56fe_20231014184438-300x27.jpg 300w, https:\/\/wansda.net\/wp-content\/uploads\/2023\/10\/\u5fae\u4fe1\u622a\u56fe_20231014184438-1024x91.jpg 1024w, https:\/\/wansda.net\/wp-content\/uploads\/2023\/10\/\u5fae\u4fe1\u622a\u56fe_20231014184438-768x68.jpg 768w, https:\/\/wansda.net\/wp-content\/uploads\/2023\/10\/\u5fae\u4fe1\u622a\u56fe_20231014184438-18x2.jpg 18w, https:\/\/wansda.net\/wp-content\/uploads\/2023\/10\/\u5fae\u4fe1\u622a\u56fe_20231014184438-700x62.jpg 700w, https:\/\/wansda.net\/wp-content\/uploads\/2023\/10\/\u5fae\u4fe1\u622a\u56fe_20231014184438.jpg 1077w\" sizes=\"auto, (max-width: 355px) 100vw, 355px\" \/><\/p>","protected":false},"excerpt":{"rendered":"<p>Pantalla publicitaria\/pantalla de empalme Tama\u00f1o de pantalla: 46&#039;&#039;\/49&#039;&#039;\/ 55&#039;&#039; Tecnolog\u00eda del panel: a-Si TFT-LCD\/DID\/IPS Relaci\u00f3n de aspecto: 16:9 Resoluci\u00f3n nativa: 1920X1080(FHD) Brillo: 450 cd\/ 500 cd\/500 cd (opcional) Relaci\u00f3n de contraste: 3000:1 \u00c1ngulo visual (HxV): 89\/89\/89\/89 (t\u00edp.) (CR\u226510) Tiempo de respuesta: 8 (t\u00edp.) (G a G) ms Tratamiento de superficie: Recubrimiento duro (3H), Tratamiento antideslumbrante del polarizador frontal (Haze 25%) Orientaci\u00f3n: Retrato y paisaje CONECTIVIDAD Entrada: HDMI,DVI,VGA,AV,CVBS Salida: LVDS, retroiluminaci\u00f3n Control externo: RS232,RJ45,IR Fuente de alimentaci\u00f3n del receptor: 110-240 V, 50\/60 Hz...<\/p>","protected":false},"featured_media":1638,"comment_status":"open","ping_status":"closed","template":"","meta":{"_kad_blocks_custom_css":"","_kad_blocks_head_custom_js":"","_kad_blocks_body_custom_js":"","_kad_blocks_footer_custom_js":"","_kad_post_transparent":"default","_kad_post_title":"","_kad_post_layout":"default","_kad_post_sidebar_id":"","_kad_post_content_style":"default","_kad_post_vertical_padding":"default","_kad_post_feature":"","_kad_post_feature_position":"","_kad_post_header":false,"_kad_post_footer":false},"product_brand":[],"product_cat":[36],"product_tag":[],"class_list":{"0":"post-1680","1":"product","2":"type-product","3":"status-publish","4":"has-post-thumbnail","6":"product_cat-advertising-display-splice-screen","8":"first","9":"instock","10":"shipping-taxable","11":"product-type-simple","12":"entry","13":"content-bg","14":"loop-entry"},"yoast_head":"<!-- This site is optimized with the Yoast SEO Premium plugin v20.5 (Yoast SEO v22.7) - https:\/\/yoast.com\/wordpress\/plugins\/seo\/ -->\n<title>Advertising display \/splicing screen - WANSDA<\/title>\n<meta name=\"robots\" content=\"index, follow, max-snippet:-1, max-image-preview:large, max-video-preview:-1\" \/>\n<link rel=\"canonical\" href=\"https:\/\/wansda.net\/es\/producto\/advertising-display-splicing-screen-2\/\" \/>\n<meta property=\"og:locale\" content=\"es_ES\" \/>\n<meta property=\"og:type\" content=\"article\" \/>\n<meta property=\"og:title\" content=\"Advertising display \/splicing screen\" \/>\n<meta property=\"og:description\" content=\"Advertising display \/splicing screen Screen Size\uff1a\u00a046\u2019\u2019\/49\u2019\u2019\/\u00a055\u2019\u2019 Panel technology: a-Si TFT-LCD\/DID\/IPS Aspect Ratio:16:9 Native resolution:1920X1080(FHD) Brightness:450 cd\/\u00a0500 cd\/500 cd(optional) Contrast Ratio:\u00a03000:1 Visual Angle (HxV):89\/89\/89\/89(Typ.)(CR\u226510) Response Time:\u00a08 (Typ.)(G to G) ms Surface Treatment: Hard coating(3H),Anti glare treatment of the front polarizer(Haze 25%) Orientation: Portrait &amp; Landscape CONNECTIVITY Input: HDMI,DVI,VGA,AV,CVBS Output: LVDS, Backlight External Control:\u00a0RS232,RJ45,IR Receiver Power Supply:110-240V,50\/60Hz...\" \/>\n<meta property=\"og:url\" content=\"https:\/\/wansda.net\/es\/producto\/advertising-display-splicing-screen-2\/\" \/>\n<meta property=\"og:site_name\" content=\"WANSDA\" \/>\n<meta property=\"article:modified_time\" content=\"2023-10-14T14:02:46+00:00\" \/>\n<meta property=\"og:image\" content=\"https:\/\/wansda.net\/wp-content\/uploads\/2023\/10\/\u56fe\u7247-2-3.png\" \/>\n\t<meta property=\"og:image:width\" content=\"876\" \/>\n\t<meta property=\"og:image:height\" content=\"621\" \/>\n\t<meta property=\"og:image:type\" content=\"image\/png\" \/>\n<meta name=\"twitter:card\" content=\"summary_large_image\" \/>\n<meta name=\"twitter:label1\" content=\"Tiempo de lectura\" \/>\n\t<meta name=\"twitter:data1\" content=\"1 minuto\" \/>\n<script type=\"application\/ld+json\" class=\"yoast-schema-graph\">{\"@context\":\"https:\/\/schema.org\",\"@graph\":[{\"@type\":\"WebPage\",\"@id\":\"https:\/\/wansda.net\/product\/advertising-display-splicing-screen-2\/\",\"url\":\"https:\/\/wansda.net\/product\/advertising-display-splicing-screen-2\/\",\"name\":\"Advertising display \/splicing screen - WANSDA\",\"isPartOf\":{\"@id\":\"https:\/\/wansda.net\/#website\"},\"primaryImageOfPage\":{\"@id\":\"https:\/\/wansda.net\/product\/advertising-display-splicing-screen-2\/#primaryimage\"},\"image\":{\"@id\":\"https:\/\/wansda.net\/product\/advertising-display-splicing-screen-2\/#primaryimage\"},\"thumbnailUrl\":\"https:\/\/wansda.net\/wp-content\/uploads\/2023\/10\/\u56fe\u7247-2-3.png\",\"datePublished\":\"2023-10-14T14:02:45+00:00\",\"dateModified\":\"2023-10-14T14:02:46+00:00\",\"breadcrumb\":{\"@id\":\"https:\/\/wansda.net\/product\/advertising-display-splicing-screen-2\/#breadcrumb\"},\"inLanguage\":\"es\",\"potentialAction\":[{\"@type\":\"ReadAction\",\"target\":[\"https:\/\/wansda.net\/product\/advertising-display-splicing-screen-2\/\"]}]},{\"@type\":\"ImageObject\",\"inLanguage\":\"es\",\"@id\":\"https:\/\/wansda.net\/product\/advertising-display-splicing-screen-2\/#primaryimage\",\"url\":\"https:\/\/wansda.net\/wp-content\/uploads\/2023\/10\/\u56fe\u7247-2-3.png\",\"contentUrl\":\"https:\/\/wansda.net\/wp-content\/uploads\/2023\/10\/\u56fe\u7247-2-3.png\",\"width\":876,\"height\":621},{\"@type\":\"BreadcrumbList\",\"@id\":\"https:\/\/wansda.net\/product\/advertising-display-splicing-screen-2\/#breadcrumb\",\"itemListElement\":[{\"@type\":\"ListItem\",\"position\":1,\"name\":\"Home\",\"item\":\"https:\/\/wansda.net\/\"},{\"@type\":\"ListItem\",\"position\":2,\"name\":\"Product\",\"item\":\"https:\/\/wansda.net\/product\/\"},{\"@type\":\"ListItem\",\"position\":3,\"name\":\"Advertising display \/splicing screen\"}]},{\"@type\":\"WebSite\",\"@id\":\"https:\/\/wansda.net\/#website\",\"url\":\"https:\/\/wansda.net\/\",\"name\":\"WANSDA\",\"description\":\"WANSDA\",\"publisher\":{\"@id\":\"https:\/\/wansda.net\/#organization\"},\"potentialAction\":[{\"@type\":\"SearchAction\",\"target\":{\"@type\":\"EntryPoint\",\"urlTemplate\":\"https:\/\/wansda.net\/?s={search_term_string}\"},\"query-input\":\"required name=search_term_string\"}],\"inLanguage\":\"es\"},{\"@type\":\"Organization\",\"@id\":\"https:\/\/wansda.net\/#organization\",\"name\":\"WANSDA\",\"url\":\"https:\/\/wansda.net\/\",\"logo\":{\"@type\":\"ImageObject\",\"inLanguage\":\"es\",\"@id\":\"https:\/\/wansda.net\/#\/schema\/logo\/image\/\",\"url\":\"https:\/\/wansda.net\/wp-content\/uploads\/2023\/10\/cropped-774ac2eb264f88d7de1cdded4021f93.jpg\",\"contentUrl\":\"https:\/\/wansda.net\/wp-content\/uploads\/2023\/10\/cropped-774ac2eb264f88d7de1cdded4021f93.jpg\",\"width\":1039,\"height\":252,\"caption\":\"WANSDA\"},\"image\":{\"@id\":\"https:\/\/wansda.net\/#\/schema\/logo\/image\/\"}}]}<\/script>\n<!-- \/ Yoast SEO Premium plugin. -->","yoast_head_json":{"title":"Advertising display \/splicing screen - WANSDA","robots":{"index":"index","follow":"follow","max-snippet":"max-snippet:-1","max-image-preview":"max-image-preview:large","max-video-preview":"max-video-preview:-1"},"canonical":"https:\/\/wansda.net\/es\/producto\/advertising-display-splicing-screen-2\/","og_locale":"es_ES","og_type":"article","og_title":"Advertising display \/splicing screen","og_description":"Advertising display \/splicing screen Screen Size\uff1a\u00a046\u2019\u2019\/49\u2019\u2019\/\u00a055\u2019\u2019 Panel technology: a-Si TFT-LCD\/DID\/IPS Aspect Ratio:16:9 Native resolution:1920X1080(FHD) Brightness:450 cd\/\u00a0500 cd\/500 cd(optional) Contrast Ratio:\u00a03000:1 Visual Angle (HxV):89\/89\/89\/89(Typ.)(CR\u226510) Response Time:\u00a08 (Typ.)(G to G) ms Surface Treatment: Hard coating(3H),Anti glare treatment of the front polarizer(Haze 25%) Orientation: Portrait &amp; Landscape CONNECTIVITY Input: HDMI,DVI,VGA,AV,CVBS Output: LVDS, Backlight External Control:\u00a0RS232,RJ45,IR Receiver Power Supply:110-240V,50\/60Hz...","og_url":"https:\/\/wansda.net\/es\/producto\/advertising-display-splicing-screen-2\/","og_site_name":"WANSDA","article_modified_time":"2023-10-14T14:02:46+00:00","og_image":[{"width":876,"height":621,"url":"https:\/\/wansda.net\/wp-content\/uploads\/2023\/10\/\u56fe\u7247-2-3.png","type":"image\/png"}],"twitter_card":"summary_large_image","twitter_misc":{"Tiempo de lectura":"1 minuto"},"schema":{"@context":"https:\/\/schema.org","@graph":[{"@type":"WebPage","@id":"https:\/\/wansda.net\/product\/advertising-display-splicing-screen-2\/","url":"https:\/\/wansda.net\/product\/advertising-display-splicing-screen-2\/","name":"Advertising display \/splicing screen - WANSDA","isPartOf":{"@id":"https:\/\/wansda.net\/#website"},"primaryImageOfPage":{"@id":"https:\/\/wansda.net\/product\/advertising-display-splicing-screen-2\/#primaryimage"},"image":{"@id":"https:\/\/wansda.net\/product\/advertising-display-splicing-screen-2\/#primaryimage"},"thumbnailUrl":"https:\/\/wansda.net\/wp-content\/uploads\/2023\/10\/\u56fe\u7247-2-3.png","datePublished":"2023-10-14T14:02:45+00:00","dateModified":"2023-10-14T14:02:46+00:00","breadcrumb":{"@id":"https:\/\/wansda.net\/product\/advertising-display-splicing-screen-2\/#breadcrumb"},"inLanguage":"es","potentialAction":[{"@type":"ReadAction","target":["https:\/\/wansda.net\/product\/advertising-display-splicing-screen-2\/"]}]},{"@type":"ImageObject","inLanguage":"es","@id":"https:\/\/wansda.net\/product\/advertising-display-splicing-screen-2\/#primaryimage","url":"https:\/\/wansda.net\/wp-content\/uploads\/2023\/10\/\u56fe\u7247-2-3.png","contentUrl":"https:\/\/wansda.net\/wp-content\/uploads\/2023\/10\/\u56fe\u7247-2-3.png","width":876,"height":621},{"@type":"BreadcrumbList","@id":"https:\/\/wansda.net\/product\/advertising-display-splicing-screen-2\/#breadcrumb","itemListElement":[{"@type":"ListItem","position":1,"name":"Home","item":"https:\/\/wansda.net\/"},{"@type":"ListItem","position":2,"name":"Product","item":"https:\/\/wansda.net\/product\/"},{"@type":"ListItem","position":3,"name":"Advertising display \/splicing screen"}]},{"@type":"WebSite","@id":"https:\/\/wansda.net\/#website","url":"https:\/\/wansda.net\/","name":"WANSDA","description":"WANSDA","publisher":{"@id":"https:\/\/wansda.net\/#organization"},"potentialAction":[{"@type":"SearchAction","target":{"@type":"EntryPoint","urlTemplate":"https:\/\/wansda.net\/?s={search_term_string}"},"query-input":"required name=search_term_string"}],"inLanguage":"es"},{"@type":"Organization","@id":"https:\/\/wansda.net\/#organization","name":"WANSDA","url":"https:\/\/wansda.net\/","logo":{"@type":"ImageObject","inLanguage":"es","@id":"https:\/\/wansda.net\/#\/schema\/logo\/image\/","url":"https:\/\/wansda.net\/wp-content\/uploads\/2023\/10\/cropped-774ac2eb264f88d7de1cdded4021f93.jpg","contentUrl":"https:\/\/wansda.net\/wp-content\/uploads\/2023\/10\/cropped-774ac2eb264f88d7de1cdded4021f93.jpg","width":1039,"height":252,"caption":"WANSDA"},"image":{"@id":"https:\/\/wansda.net\/#\/schema\/logo\/image\/"}}]}},"taxonomy_info":{"product_cat":[{"value":36,"label":"ADVERTISING DISPLAY\/SPLICE SCREEN"}]},"featured_image_src_large":["https:\/\/wansda.net\/wp-content\/uploads\/2023\/10\/\u56fe\u7247-2-3.png",876,621,false],"author_info":[],"comment_info":0,"_links":{"self":[{"href":"https:\/\/wansda.net\/es\/wp-json\/wp\/v2\/product\/1680","targetHints":{"allow":["GET"]}}],"collection":[{"href":"https:\/\/wansda.net\/es\/wp-json\/wp\/v2\/product"}],"about":[{"href":"https:\/\/wansda.net\/es\/wp-json\/wp\/v2\/types\/product"}],"replies":[{"embeddable":true,"href":"https:\/\/wansda.net\/es\/wp-json\/wp\/v2\/comments?post=1680"}],"wp:featuredmedia":[{"embeddable":true,"href":"https:\/\/wansda.net\/es\/wp-json\/wp\/v2\/media\/1638"}],"wp:attachment":[{"href":"https:\/\/wansda.net\/es\/wp-json\/wp\/v2\/media?parent=1680"}],"wp:term":[{"taxonomy":"product_brand","embeddable":true,"href":"https:\/\/wansda.net\/es\/wp-json\/wp\/v2\/product_brand?post=1680"},{"taxonomy":"product_cat","embeddable":true,"href":"https:\/\/wansda.net\/es\/wp-json\/wp\/v2\/product_cat?post=1680"},{"taxonomy":"product_tag","embeddable":true,"href":"https:\/\/wansda.net\/es\/wp-json\/wp\/v2\/product_tag?post=1680"}],"curies":[{"name":"wp","href":"https:\/\/api.w.org\/{rel}","templated":true}]}}