{"id":1648,"date":"2023-10-14T10:24:13","date_gmt":"2023-10-14T10:24:13","guid":{"rendered":"https:\/\/wansda.net\/?post_type=product&#038;p=1648"},"modified":"2023-10-14T10:54:35","modified_gmt":"2023-10-14T10:54:35","slug":"superior-classicsmart-led-tv","status":"publish","type":"product","link":"https:\/\/wansda.net\/fr\/produit\/superior-classicsmart-led-tv\/","title":{"rendered":"TV LED CLASSIQUE ET SMART SUP\u00c9RIEURE"},"content":{"rendered":"<p>CONCEPTION \u00c9L\u00c9GANTE<\/p>\n<p>INTERFACE PLUS RICHE<\/p>\n<p>SYST\u00c8ME SOLIDE<\/p>\n<p>UN FONCTIONNEMENT EN DOUCEUR<\/p>\n<p>HAUTE D\u00c9FINITION<\/p>\n<p>Nom du produit T\u00e9l\u00e9viseur personnalis\u00e9 HD\/FHD\/UHD de 24 \u00e0 98 pouces<\/p>\n<p>Taille de l&#039;\u00e9cran 24 pouces\/32 pouces\/38,5 pouces\/39,5 pouces\/43 pouces\/50 pouces\/55 pouces\/<\/p>\n<p>Syst\u00e8me intelligent Non intelligent\/intelligent<\/p>\n<p>Param\u00e8tre du panneau 1366\u00d7768(HD)\\1920\u00d71080(FHD)\\3840*2160 \uff084k\uff09\uff09\u300160Hz\/120hz<\/p>\n<p>Type de connecteur VGA, PCAUDIO, p\u00e9ritel, RF, COAX, HDMI, USB, \u00e9couteurs, MINIYPBPR, MINIAVIN, CI<\/p>\n<p>Syst\u00e8me TV PAL\/SECAM\/NTSC, DVB-T\/T2\/C\/S\/S2, CI, ISDB-T, ATSC<\/p>\n<p>Alimentation AC100-240V,DC12V,50\/60Hz\/120 hz\/<\/p>\n<p>Langue Plusieurs langues sont disponibles<\/p>\n<p>Accessoires T\u00e9l\u00e9commande\/t\u00e9l\u00e9commande vocale, base et vis de support, manuel, etc.<\/p>\n<p>Carton\u00a0: personnalisation du support<\/p>\n<p>Utilisation Accueil\/h\u00f4tel\/bar\/chambre\/salle de bain\/cuisine\/salle \u00e0 manger<\/p>\n<p>Option : avec verre\/sans verre ; mural \/avec support<\/p>\n<p>Lieu d&#039;origine\u00a0:\u00a0Chine<\/p>\n<p><img loading=\"lazy\" decoding=\"async\" class=\"alignnone wp-image-1655\" src=\"https:\/\/wansda.net\/wp-content\/uploads\/2023\/10\/\u5fae\u4fe1\u622a\u56fe_20231014184438-300x27.jpg\" alt=\"\" width=\"333\" height=\"30\" srcset=\"https:\/\/wansda.net\/wp-content\/uploads\/2023\/10\/\u5fae\u4fe1\u622a\u56fe_20231014184438-300x27.jpg 300w, https:\/\/wansda.net\/wp-content\/uploads\/2023\/10\/\u5fae\u4fe1\u622a\u56fe_20231014184438-1024x91.jpg 1024w, https:\/\/wansda.net\/wp-content\/uploads\/2023\/10\/\u5fae\u4fe1\u622a\u56fe_20231014184438-768x68.jpg 768w, https:\/\/wansda.net\/wp-content\/uploads\/2023\/10\/\u5fae\u4fe1\u622a\u56fe_20231014184438-18x2.jpg 18w, https:\/\/wansda.net\/wp-content\/uploads\/2023\/10\/\u5fae\u4fe1\u622a\u56fe_20231014184438-700x62.jpg 700w, https:\/\/wansda.net\/wp-content\/uploads\/2023\/10\/\u5fae\u4fe1\u622a\u56fe_20231014184438.jpg 1077w\" sizes=\"auto, (max-width: 333px) 100vw, 333px\" \/><\/p>","protected":false},"excerpt":{"rendered":"<p>DESIGN \u00c9L\u00c9GANT INTERFACE PLUS RICHE SYST\u00c8ME SOLIDE FONCTIONNEMENT LISSE HAUTE D\u00c9FINITION Nom du produit TV personnalis\u00e9e HD\/FHD\/UHD de 24 \u00e0 98 pouces Taille de l&#039;\u00e9cran 24 pouces\/32 pouces\/38,5 pouces\/39,5 pouces\/43 pouces\/50 pouces\/55 pouces\/Syst\u00e8me intelligent Non intelligent\/intelligent Param\u00e8tre du panneau 1366\u00d7768(HD)\\1920\u00d71080(FHD)\\3840*2160 \uff084k\uff09\uff09\u300160Hz\/120hz Type de connecteur VGA,PCAUDIO,SCART,RF,COAX,HDMI,USB,EARPHONE, MINIYPBPR,MINIAVIN,CI Syst\u00e8me TV PAL\/SECAM\/NTSC\uff0cDVB-T\/T2\/C\/S\/S2\uff0cCI\uff0cISDB-T\uff0cATSC Alimentation AC100-240V,DC12V,50\/60Hz\/120 hz\/Langue Plusieurs langues sont disponibles Accessoires T\u00e9l\u00e9commande \/t\u00e9l\u00e9commande vocale, socle et vis de support,\u2026<\/p>","protected":false},"featured_media":1600,"comment_status":"open","ping_status":"closed","template":"","meta":{"_kad_blocks_custom_css":"","_kad_blocks_head_custom_js":"","_kad_blocks_body_custom_js":"","_kad_blocks_footer_custom_js":"","_kad_post_transparent":"default","_kad_post_title":"","_kad_post_layout":"default","_kad_post_sidebar_id":"","_kad_post_content_style":"default","_kad_post_vertical_padding":"default","_kad_post_feature":"","_kad_post_feature_position":"","_kad_post_header":false,"_kad_post_footer":false},"product_brand":[],"product_cat":[15,33],"product_tag":[],"class_list":{"0":"post-1648","1":"product","2":"type-product","3":"status-publish","4":"has-post-thumbnail","6":"product_cat-uncategorized","7":"product_cat-superior-classicsmart-led-tv","9":"first","10":"instock","11":"shipping-taxable","12":"product-type-simple","13":"entry","14":"content-bg","15":"loop-entry"},"yoast_head":"<!-- This site is optimized with the Yoast SEO Premium plugin v20.5 (Yoast SEO v22.7) - https:\/\/yoast.com\/wordpress\/plugins\/seo\/ -->\n<title>SUPERIOR CLASSIC&amp;SMART LED TV - WANSDA<\/title>\n<meta name=\"robots\" content=\"index, follow, max-snippet:-1, max-image-preview:large, max-video-preview:-1\" \/>\n<link rel=\"canonical\" href=\"https:\/\/wansda.net\/fr\/produit\/superior-classicsmart-led-tv\/\" \/>\n<meta property=\"og:locale\" content=\"fr_FR\" \/>\n<meta property=\"og:type\" content=\"article\" \/>\n<meta property=\"og:title\" content=\"SUPERIOR CLASSIC&amp;SMART LED TV\" \/>\n<meta property=\"og:description\" content=\"ELEGANT DESIGN RICHER INTERFACE STRONG SYSTEM SMOOTH OPERATION HIGH DEFINITION Product Name 24-98 inch HD\/FHD\/UHD\u00a0custom TV Screen Size 24 inch\/32 inch\/38.5inch\/39.5 inch\/43inch\/50inch\/55 inch\/ Smart System Non intelligent\/smart Panel parameter 1366&#215;768(HD)1920&#215;1080(FHD)3840*2160 \uff084k\uff09\uff09\u300160Hz\/120hz Connector Type VGA\uff0cPCAUDIO\uff0cSCART\uff0cRF\uff0cCOAX\uff0cHDMI\uff0cUSB\uff0cEARPHONE\uff0c MINIYPBPR\uff0cMINIAVIN\uff0cCI TV System PAL\/SECAM\/NTSC\uff0cDVB-T\/T2\/C\/S\/S2\uff0cCI\uff0cISDB-T\uff0cATSC Power Supply AC100-240V,DC12V,50\/60Hz\/120 hz\/ Language Multiple languages are available Accessories Remote control\/voice remote, base and supporting screws,...\" \/>\n<meta property=\"og:url\" content=\"https:\/\/wansda.net\/fr\/produit\/superior-classicsmart-led-tv\/\" \/>\n<meta property=\"og:site_name\" content=\"WANSDA\" \/>\n<meta property=\"article:modified_time\" content=\"2023-10-14T10:54:35+00:00\" \/>\n<meta property=\"og:image\" content=\"https:\/\/wansda.net\/wp-content\/uploads\/2023\/10\/\u56fe\u7247-1.png\" \/>\n\t<meta property=\"og:image:width\" content=\"2044\" \/>\n\t<meta property=\"og:image:height\" content=\"484\" \/>\n\t<meta property=\"og:image:type\" content=\"image\/png\" \/>\n<meta name=\"twitter:card\" content=\"summary_large_image\" \/>\n<meta name=\"twitter:label1\" content=\"Dur\u00e9e de lecture estim\u00e9e\" \/>\n\t<meta name=\"twitter:data1\" content=\"1 minute\" \/>\n<script type=\"application\/ld+json\" class=\"yoast-schema-graph\">{\"@context\":\"https:\/\/schema.org\",\"@graph\":[{\"@type\":\"WebPage\",\"@id\":\"https:\/\/wansda.net\/product\/superior-classicsmart-led-tv\/\",\"url\":\"https:\/\/wansda.net\/product\/superior-classicsmart-led-tv\/\",\"name\":\"SUPERIOR CLASSIC&SMART LED TV - WANSDA\",\"isPartOf\":{\"@id\":\"https:\/\/wansda.net\/#website\"},\"primaryImageOfPage\":{\"@id\":\"https:\/\/wansda.net\/product\/superior-classicsmart-led-tv\/#primaryimage\"},\"image\":{\"@id\":\"https:\/\/wansda.net\/product\/superior-classicsmart-led-tv\/#primaryimage\"},\"thumbnailUrl\":\"https:\/\/wansda.net\/wp-content\/uploads\/2023\/10\/\u56fe\u7247-1.png\",\"datePublished\":\"2023-10-14T10:24:13+00:00\",\"dateModified\":\"2023-10-14T10:54:35+00:00\",\"breadcrumb\":{\"@id\":\"https:\/\/wansda.net\/product\/superior-classicsmart-led-tv\/#breadcrumb\"},\"inLanguage\":\"fr-FR\",\"potentialAction\":[{\"@type\":\"ReadAction\",\"target\":[\"https:\/\/wansda.net\/product\/superior-classicsmart-led-tv\/\"]}]},{\"@type\":\"ImageObject\",\"inLanguage\":\"fr-FR\",\"@id\":\"https:\/\/wansda.net\/product\/superior-classicsmart-led-tv\/#primaryimage\",\"url\":\"https:\/\/wansda.net\/wp-content\/uploads\/2023\/10\/\u56fe\u7247-1.png\",\"contentUrl\":\"https:\/\/wansda.net\/wp-content\/uploads\/2023\/10\/\u56fe\u7247-1.png\",\"width\":2044,\"height\":484},{\"@type\":\"BreadcrumbList\",\"@id\":\"https:\/\/wansda.net\/product\/superior-classicsmart-led-tv\/#breadcrumb\",\"itemListElement\":[{\"@type\":\"ListItem\",\"position\":1,\"name\":\"Home\",\"item\":\"https:\/\/wansda.net\/\"},{\"@type\":\"ListItem\",\"position\":2,\"name\":\"Product\",\"item\":\"https:\/\/wansda.net\/product\/\"},{\"@type\":\"ListItem\",\"position\":3,\"name\":\"SUPERIOR CLASSIC&#038;SMART LED TV\"}]},{\"@type\":\"WebSite\",\"@id\":\"https:\/\/wansda.net\/#website\",\"url\":\"https:\/\/wansda.net\/\",\"name\":\"WANSDA\",\"description\":\"WANSDA\",\"publisher\":{\"@id\":\"https:\/\/wansda.net\/#organization\"},\"potentialAction\":[{\"@type\":\"SearchAction\",\"target\":{\"@type\":\"EntryPoint\",\"urlTemplate\":\"https:\/\/wansda.net\/?s={search_term_string}\"},\"query-input\":\"required name=search_term_string\"}],\"inLanguage\":\"fr-FR\"},{\"@type\":\"Organization\",\"@id\":\"https:\/\/wansda.net\/#organization\",\"name\":\"WANSDA\",\"url\":\"https:\/\/wansda.net\/\",\"logo\":{\"@type\":\"ImageObject\",\"inLanguage\":\"fr-FR\",\"@id\":\"https:\/\/wansda.net\/#\/schema\/logo\/image\/\",\"url\":\"https:\/\/wansda.net\/wp-content\/uploads\/2023\/10\/cropped-774ac2eb264f88d7de1cdded4021f93.jpg\",\"contentUrl\":\"https:\/\/wansda.net\/wp-content\/uploads\/2023\/10\/cropped-774ac2eb264f88d7de1cdded4021f93.jpg\",\"width\":1039,\"height\":252,\"caption\":\"WANSDA\"},\"image\":{\"@id\":\"https:\/\/wansda.net\/#\/schema\/logo\/image\/\"}}]}<\/script>\n<!-- \/ Yoast SEO Premium plugin. -->","yoast_head_json":{"title":"SUPERIOR CLASSIC&SMART LED TV - WANSDA","robots":{"index":"index","follow":"follow","max-snippet":"max-snippet:-1","max-image-preview":"max-image-preview:large","max-video-preview":"max-video-preview:-1"},"canonical":"https:\/\/wansda.net\/fr\/produit\/superior-classicsmart-led-tv\/","og_locale":"fr_FR","og_type":"article","og_title":"SUPERIOR CLASSIC&SMART LED TV","og_description":"ELEGANT DESIGN RICHER INTERFACE STRONG SYSTEM SMOOTH OPERATION HIGH DEFINITION Product Name 24-98 inch HD\/FHD\/UHD\u00a0custom TV Screen Size 24 inch\/32 inch\/38.5inch\/39.5 inch\/43inch\/50inch\/55 inch\/ Smart System Non intelligent\/smart Panel parameter 1366&#215;768(HD)1920&#215;1080(FHD)3840*2160 \uff084k\uff09\uff09\u300160Hz\/120hz Connector Type VGA\uff0cPCAUDIO\uff0cSCART\uff0cRF\uff0cCOAX\uff0cHDMI\uff0cUSB\uff0cEARPHONE\uff0c MINIYPBPR\uff0cMINIAVIN\uff0cCI TV System PAL\/SECAM\/NTSC\uff0cDVB-T\/T2\/C\/S\/S2\uff0cCI\uff0cISDB-T\uff0cATSC Power Supply AC100-240V,DC12V,50\/60Hz\/120 hz\/ Language Multiple languages are available Accessories Remote control\/voice remote, base and supporting screws,...","og_url":"https:\/\/wansda.net\/fr\/produit\/superior-classicsmart-led-tv\/","og_site_name":"WANSDA","article_modified_time":"2023-10-14T10:54:35+00:00","og_image":[{"width":2044,"height":484,"url":"https:\/\/wansda.net\/wp-content\/uploads\/2023\/10\/\u56fe\u7247-1.png","type":"image\/png"}],"twitter_card":"summary_large_image","twitter_misc":{"Dur\u00e9e de lecture estim\u00e9e":"1 minute"},"schema":{"@context":"https:\/\/schema.org","@graph":[{"@type":"WebPage","@id":"https:\/\/wansda.net\/product\/superior-classicsmart-led-tv\/","url":"https:\/\/wansda.net\/product\/superior-classicsmart-led-tv\/","name":"SUPERIOR CLASSIC&SMART LED TV - WANSDA","isPartOf":{"@id":"https:\/\/wansda.net\/#website"},"primaryImageOfPage":{"@id":"https:\/\/wansda.net\/product\/superior-classicsmart-led-tv\/#primaryimage"},"image":{"@id":"https:\/\/wansda.net\/product\/superior-classicsmart-led-tv\/#primaryimage"},"thumbnailUrl":"https:\/\/wansda.net\/wp-content\/uploads\/2023\/10\/\u56fe\u7247-1.png","datePublished":"2023-10-14T10:24:13+00:00","dateModified":"2023-10-14T10:54:35+00:00","breadcrumb":{"@id":"https:\/\/wansda.net\/product\/superior-classicsmart-led-tv\/#breadcrumb"},"inLanguage":"fr-FR","potentialAction":[{"@type":"ReadAction","target":["https:\/\/wansda.net\/product\/superior-classicsmart-led-tv\/"]}]},{"@type":"ImageObject","inLanguage":"fr-FR","@id":"https:\/\/wansda.net\/product\/superior-classicsmart-led-tv\/#primaryimage","url":"https:\/\/wansda.net\/wp-content\/uploads\/2023\/10\/\u56fe\u7247-1.png","contentUrl":"https:\/\/wansda.net\/wp-content\/uploads\/2023\/10\/\u56fe\u7247-1.png","width":2044,"height":484},{"@type":"BreadcrumbList","@id":"https:\/\/wansda.net\/product\/superior-classicsmart-led-tv\/#breadcrumb","itemListElement":[{"@type":"ListItem","position":1,"name":"Home","item":"https:\/\/wansda.net\/"},{"@type":"ListItem","position":2,"name":"Product","item":"https:\/\/wansda.net\/product\/"},{"@type":"ListItem","position":3,"name":"SUPERIOR CLASSIC&#038;SMART LED TV"}]},{"@type":"WebSite","@id":"https:\/\/wansda.net\/#website","url":"https:\/\/wansda.net\/","name":"WANSDA","description":"WANSDA","publisher":{"@id":"https:\/\/wansda.net\/#organization"},"potentialAction":[{"@type":"SearchAction","target":{"@type":"EntryPoint","urlTemplate":"https:\/\/wansda.net\/?s={search_term_string}"},"query-input":"required name=search_term_string"}],"inLanguage":"fr-FR"},{"@type":"Organization","@id":"https:\/\/wansda.net\/#organization","name":"WANSDA","url":"https:\/\/wansda.net\/","logo":{"@type":"ImageObject","inLanguage":"fr-FR","@id":"https:\/\/wansda.net\/#\/schema\/logo\/image\/","url":"https:\/\/wansda.net\/wp-content\/uploads\/2023\/10\/cropped-774ac2eb264f88d7de1cdded4021f93.jpg","contentUrl":"https:\/\/wansda.net\/wp-content\/uploads\/2023\/10\/cropped-774ac2eb264f88d7de1cdded4021f93.jpg","width":1039,"height":252,"caption":"WANSDA"},"image":{"@id":"https:\/\/wansda.net\/#\/schema\/logo\/image\/"}}]}},"taxonomy_info":{"product_cat":[{"value":15,"label":"Uncategorized"},{"value":33,"label":"SUPERIOR CLASSIC&amp;SMART LED TV"}]},"featured_image_src_large":["https:\/\/wansda.net\/wp-content\/uploads\/2023\/10\/\u56fe\u7247-1-1024x242.png",1024,242,true],"author_info":[],"comment_info":0,"_links":{"self":[{"href":"https:\/\/wansda.net\/fr\/wp-json\/wp\/v2\/product\/1648","targetHints":{"allow":["GET"]}}],"collection":[{"href":"https:\/\/wansda.net\/fr\/wp-json\/wp\/v2\/product"}],"about":[{"href":"https:\/\/wansda.net\/fr\/wp-json\/wp\/v2\/types\/product"}],"replies":[{"embeddable":true,"href":"https:\/\/wansda.net\/fr\/wp-json\/wp\/v2\/comments?post=1648"}],"wp:featuredmedia":[{"embeddable":true,"href":"https:\/\/wansda.net\/fr\/wp-json\/wp\/v2\/media\/1600"}],"wp:attachment":[{"href":"https:\/\/wansda.net\/fr\/wp-json\/wp\/v2\/media?parent=1648"}],"wp:term":[{"taxonomy":"product_brand","embeddable":true,"href":"https:\/\/wansda.net\/fr\/wp-json\/wp\/v2\/product_brand?post=1648"},{"taxonomy":"product_cat","embeddable":true,"href":"https:\/\/wansda.net\/fr\/wp-json\/wp\/v2\/product_cat?post=1648"},{"taxonomy":"product_tag","embeddable":true,"href":"https:\/\/wansda.net\/fr\/wp-json\/wp\/v2\/product_tag?post=1648"}],"curies":[{"name":"wp","href":"https:\/\/api.w.org\/{rel}","templated":true}]}}