{"id":1664,"date":"2023-10-14T13:30:24","date_gmt":"2023-10-14T13:30:24","guid":{"rendered":"https:\/\/wansda.net\/?post_type=product&#038;p=1664"},"modified":"2023-10-14T13:50:40","modified_gmt":"2023-10-14T13:50:40","slug":"commercial-billboard","status":"publish","type":"product","link":"https:\/\/wansda.net\/fr\/produit\/commercial-billboard\/","title":{"rendered":"PANNEAU D&#039;AFFICHAGE COMMERCIAL"},"content":{"rendered":"<p>AFFICHAGE PUBLICITAIRE LCD SUR SUPPORT DE SOL<\/p>\n<p>Taille : 43\u2033, 55\u2033, 65\u2033, 75\u2033<\/p>\n<p>Application:<\/p>\n<p>Commerces, Restaurant, H\u00f4tels, Site touristique, Cin\u00e9ma, Mus\u00e9e, Parc\u2026<\/p>\n<p>Caract\u00e9ristiques:<\/p>\n<p>Conception int\u00e9gr\u00e9e intelligente, ext\u00e9rieur \u00e9tanche, anti-poussi\u00e8re, anti-corrosion, protection solaire, anti-d\u00e9flagrant, anti-foudre, haute luminosit\u00e9, refroidissement par air froid, contr\u00f4le intelligent de la temp\u00e9rature, r\u00e9sistance au froid, r\u00e9glage intelligent de la d\u00e9tection de la lumi\u00e8re, personnalisation du design<\/p>\n<p><img loading=\"lazy\" decoding=\"async\" class=\"alignnone wp-image-1655\" src=\"https:\/\/wansda.net\/wp-content\/uploads\/2023\/10\/\u5fae\u4fe1\u622a\u56fe_20231014184438-300x27.jpg\" alt=\"\" width=\"333\" height=\"30\" srcset=\"https:\/\/wansda.net\/wp-content\/uploads\/2023\/10\/\u5fae\u4fe1\u622a\u56fe_20231014184438-300x27.jpg 300w, https:\/\/wansda.net\/wp-content\/uploads\/2023\/10\/\u5fae\u4fe1\u622a\u56fe_20231014184438-1024x91.jpg 1024w, https:\/\/wansda.net\/wp-content\/uploads\/2023\/10\/\u5fae\u4fe1\u622a\u56fe_20231014184438-768x68.jpg 768w, https:\/\/wansda.net\/wp-content\/uploads\/2023\/10\/\u5fae\u4fe1\u622a\u56fe_20231014184438-18x2.jpg 18w, https:\/\/wansda.net\/wp-content\/uploads\/2023\/10\/\u5fae\u4fe1\u622a\u56fe_20231014184438-700x62.jpg 700w, https:\/\/wansda.net\/wp-content\/uploads\/2023\/10\/\u5fae\u4fe1\u622a\u56fe_20231014184438.jpg 1077w\" sizes=\"auto, (max-width: 333px) 100vw, 333px\" \/><\/p>","protected":false},"excerpt":{"rendered":"<p>AFFICHAGE PUBLICITAIRE LCD SUR PIED AU SOL Taille : 43\u2033, 55\u2033, 65\u2033, 75\u2033 Application : Magasins, Restaurant, H\u00f4tels, Attraction touristique, Cin\u00e9ma, Mus\u00e9e, Parc\u2026 Caract\u00e9ristiques : Conception int\u00e9gr\u00e9e intelligente, ext\u00e9rieur \u00e9tanche, anti-poussi\u00e8re, anti-corrosion, cr\u00e8me solaire, antid\u00e9flagrante, anti-foudre, haute luminosit\u00e9, refroidissement par air froid, contr\u00f4le intelligent de la temp\u00e9rature, r\u00e9sistance au froid, r\u00e9glage intelligent de la d\u00e9tection de la lumi\u00e8re, personnalisation du design<\/p>","protected":false},"featured_media":1676,"comment_status":"open","ping_status":"closed","template":"","meta":{"_kad_blocks_custom_css":"","_kad_blocks_head_custom_js":"","_kad_blocks_body_custom_js":"","_kad_blocks_footer_custom_js":"","_kad_post_transparent":"default","_kad_post_title":"","_kad_post_layout":"default","_kad_post_sidebar_id":"","_kad_post_content_style":"default","_kad_post_vertical_padding":"default","_kad_post_feature":"","_kad_post_feature_position":"","_kad_post_header":false,"_kad_post_footer":false},"product_brand":[],"product_cat":[37],"product_tag":[],"class_list":{"0":"post-1664","1":"product","2":"type-product","3":"status-publish","4":"has-post-thumbnail","6":"product_cat-commercial-billboard","8":"first","9":"instock","10":"shipping-taxable","11":"product-type-simple","12":"entry","13":"content-bg","14":"loop-entry"},"yoast_head":"<!-- This site is optimized with the Yoast SEO Premium plugin v20.5 (Yoast SEO v22.7) - https:\/\/yoast.com\/wordpress\/plugins\/seo\/ -->\n<title>COMMERCIAL BILLBOARD - WANSDA<\/title>\n<meta name=\"robots\" content=\"index, follow, max-snippet:-1, max-image-preview:large, max-video-preview:-1\" \/>\n<link rel=\"canonical\" href=\"https:\/\/wansda.net\/fr\/produit\/commercial-billboard\/\" \/>\n<meta property=\"og:locale\" content=\"fr_FR\" \/>\n<meta property=\"og:type\" content=\"article\" \/>\n<meta property=\"og:title\" content=\"COMMERCIAL BILLBOARD\" \/>\n<meta property=\"og:description\" content=\"FLOOR STAND LCD ADVERTISING DISPLAY Size:\u00a043&#8243;, 55&#8243;, 65&#8243;, 75&#8243; Application: Shops, Restaurant, Hotels, Tourist attraction, Cinema, Museum, Park &#8230; Characteristics: Intelligent integrated design, outdoor waterproof, dustproof, anti-corrosion, sunscreen, explosion-proof, lightning-proof, \u00a0high brightness, cold air cooling, intelligent temperature control, cold resistance, intelligent light sensing adjustment, design\u00a0customization\" \/>\n<meta property=\"og:url\" content=\"https:\/\/wansda.net\/fr\/produit\/commercial-billboard\/\" \/>\n<meta property=\"og:site_name\" content=\"WANSDA\" \/>\n<meta property=\"article:modified_time\" content=\"2023-10-14T13:50:40+00:00\" \/>\n<meta property=\"og:image\" content=\"https:\/\/wansda.net\/wp-content\/uploads\/2023\/10\/\u56fe-\u7f29\u5c0f-1-1.jpg\" \/>\n\t<meta property=\"og:image:width\" content=\"398\" \/>\n\t<meta property=\"og:image:height\" content=\"787\" \/>\n\t<meta property=\"og:image:type\" content=\"image\/jpeg\" \/>\n<meta name=\"twitter:card\" content=\"summary_large_image\" \/>\n<meta name=\"twitter:label1\" content=\"Dur\u00e9e de lecture estim\u00e9e\" \/>\n\t<meta name=\"twitter:data1\" content=\"1 minute\" \/>\n<script type=\"application\/ld+json\" class=\"yoast-schema-graph\">{\"@context\":\"https:\/\/schema.org\",\"@graph\":[{\"@type\":\"WebPage\",\"@id\":\"https:\/\/wansda.net\/product\/commercial-billboard\/\",\"url\":\"https:\/\/wansda.net\/product\/commercial-billboard\/\",\"name\":\"COMMERCIAL BILLBOARD - WANSDA\",\"isPartOf\":{\"@id\":\"https:\/\/wansda.net\/#website\"},\"primaryImageOfPage\":{\"@id\":\"https:\/\/wansda.net\/product\/commercial-billboard\/#primaryimage\"},\"image\":{\"@id\":\"https:\/\/wansda.net\/product\/commercial-billboard\/#primaryimage\"},\"thumbnailUrl\":\"https:\/\/wansda.net\/wp-content\/uploads\/2023\/10\/\u56fe-\u7f29\u5c0f-1-1.jpg\",\"datePublished\":\"2023-10-14T13:30:24+00:00\",\"dateModified\":\"2023-10-14T13:50:40+00:00\",\"breadcrumb\":{\"@id\":\"https:\/\/wansda.net\/product\/commercial-billboard\/#breadcrumb\"},\"inLanguage\":\"fr-FR\",\"potentialAction\":[{\"@type\":\"ReadAction\",\"target\":[\"https:\/\/wansda.net\/product\/commercial-billboard\/\"]}]},{\"@type\":\"ImageObject\",\"inLanguage\":\"fr-FR\",\"@id\":\"https:\/\/wansda.net\/product\/commercial-billboard\/#primaryimage\",\"url\":\"https:\/\/wansda.net\/wp-content\/uploads\/2023\/10\/\u56fe-\u7f29\u5c0f-1-1.jpg\",\"contentUrl\":\"https:\/\/wansda.net\/wp-content\/uploads\/2023\/10\/\u56fe-\u7f29\u5c0f-1-1.jpg\",\"width\":398,\"height\":787},{\"@type\":\"BreadcrumbList\",\"@id\":\"https:\/\/wansda.net\/product\/commercial-billboard\/#breadcrumb\",\"itemListElement\":[{\"@type\":\"ListItem\",\"position\":1,\"name\":\"Home\",\"item\":\"https:\/\/wansda.net\/\"},{\"@type\":\"ListItem\",\"position\":2,\"name\":\"Product\",\"item\":\"https:\/\/wansda.net\/product\/\"},{\"@type\":\"ListItem\",\"position\":3,\"name\":\"COMMERCIAL BILLBOARD\"}]},{\"@type\":\"WebSite\",\"@id\":\"https:\/\/wansda.net\/#website\",\"url\":\"https:\/\/wansda.net\/\",\"name\":\"WANSDA\",\"description\":\"WANSDA\",\"publisher\":{\"@id\":\"https:\/\/wansda.net\/#organization\"},\"potentialAction\":[{\"@type\":\"SearchAction\",\"target\":{\"@type\":\"EntryPoint\",\"urlTemplate\":\"https:\/\/wansda.net\/?s={search_term_string}\"},\"query-input\":\"required name=search_term_string\"}],\"inLanguage\":\"fr-FR\"},{\"@type\":\"Organization\",\"@id\":\"https:\/\/wansda.net\/#organization\",\"name\":\"WANSDA\",\"url\":\"https:\/\/wansda.net\/\",\"logo\":{\"@type\":\"ImageObject\",\"inLanguage\":\"fr-FR\",\"@id\":\"https:\/\/wansda.net\/#\/schema\/logo\/image\/\",\"url\":\"https:\/\/wansda.net\/wp-content\/uploads\/2023\/10\/cropped-774ac2eb264f88d7de1cdded4021f93.jpg\",\"contentUrl\":\"https:\/\/wansda.net\/wp-content\/uploads\/2023\/10\/cropped-774ac2eb264f88d7de1cdded4021f93.jpg\",\"width\":1039,\"height\":252,\"caption\":\"WANSDA\"},\"image\":{\"@id\":\"https:\/\/wansda.net\/#\/schema\/logo\/image\/\"}}]}<\/script>\n<!-- \/ Yoast SEO Premium plugin. -->","yoast_head_json":{"title":"COMMERCIAL BILLBOARD - WANSDA","robots":{"index":"index","follow":"follow","max-snippet":"max-snippet:-1","max-image-preview":"max-image-preview:large","max-video-preview":"max-video-preview:-1"},"canonical":"https:\/\/wansda.net\/fr\/produit\/commercial-billboard\/","og_locale":"fr_FR","og_type":"article","og_title":"COMMERCIAL BILLBOARD","og_description":"FLOOR STAND LCD ADVERTISING DISPLAY Size:\u00a043&#8243;, 55&#8243;, 65&#8243;, 75&#8243; Application: Shops, Restaurant, Hotels, Tourist attraction, Cinema, Museum, Park &#8230; Characteristics: Intelligent integrated design, outdoor waterproof, dustproof, anti-corrosion, sunscreen, explosion-proof, lightning-proof, \u00a0high brightness, cold air cooling, intelligent temperature control, cold resistance, intelligent light sensing adjustment, design\u00a0customization","og_url":"https:\/\/wansda.net\/fr\/produit\/commercial-billboard\/","og_site_name":"WANSDA","article_modified_time":"2023-10-14T13:50:40+00:00","og_image":[{"width":398,"height":787,"url":"https:\/\/wansda.net\/wp-content\/uploads\/2023\/10\/\u56fe-\u7f29\u5c0f-1-1.jpg","type":"image\/jpeg"}],"twitter_card":"summary_large_image","twitter_misc":{"Dur\u00e9e de lecture estim\u00e9e":"1 minute"},"schema":{"@context":"https:\/\/schema.org","@graph":[{"@type":"WebPage","@id":"https:\/\/wansda.net\/product\/commercial-billboard\/","url":"https:\/\/wansda.net\/product\/commercial-billboard\/","name":"COMMERCIAL BILLBOARD - WANSDA","isPartOf":{"@id":"https:\/\/wansda.net\/#website"},"primaryImageOfPage":{"@id":"https:\/\/wansda.net\/product\/commercial-billboard\/#primaryimage"},"image":{"@id":"https:\/\/wansda.net\/product\/commercial-billboard\/#primaryimage"},"thumbnailUrl":"https:\/\/wansda.net\/wp-content\/uploads\/2023\/10\/\u56fe-\u7f29\u5c0f-1-1.jpg","datePublished":"2023-10-14T13:30:24+00:00","dateModified":"2023-10-14T13:50:40+00:00","breadcrumb":{"@id":"https:\/\/wansda.net\/product\/commercial-billboard\/#breadcrumb"},"inLanguage":"fr-FR","potentialAction":[{"@type":"ReadAction","target":["https:\/\/wansda.net\/product\/commercial-billboard\/"]}]},{"@type":"ImageObject","inLanguage":"fr-FR","@id":"https:\/\/wansda.net\/product\/commercial-billboard\/#primaryimage","url":"https:\/\/wansda.net\/wp-content\/uploads\/2023\/10\/\u56fe-\u7f29\u5c0f-1-1.jpg","contentUrl":"https:\/\/wansda.net\/wp-content\/uploads\/2023\/10\/\u56fe-\u7f29\u5c0f-1-1.jpg","width":398,"height":787},{"@type":"BreadcrumbList","@id":"https:\/\/wansda.net\/product\/commercial-billboard\/#breadcrumb","itemListElement":[{"@type":"ListItem","position":1,"name":"Home","item":"https:\/\/wansda.net\/"},{"@type":"ListItem","position":2,"name":"Product","item":"https:\/\/wansda.net\/product\/"},{"@type":"ListItem","position":3,"name":"COMMERCIAL BILLBOARD"}]},{"@type":"WebSite","@id":"https:\/\/wansda.net\/#website","url":"https:\/\/wansda.net\/","name":"WANSDA","description":"WANSDA","publisher":{"@id":"https:\/\/wansda.net\/#organization"},"potentialAction":[{"@type":"SearchAction","target":{"@type":"EntryPoint","urlTemplate":"https:\/\/wansda.net\/?s={search_term_string}"},"query-input":"required name=search_term_string"}],"inLanguage":"fr-FR"},{"@type":"Organization","@id":"https:\/\/wansda.net\/#organization","name":"WANSDA","url":"https:\/\/wansda.net\/","logo":{"@type":"ImageObject","inLanguage":"fr-FR","@id":"https:\/\/wansda.net\/#\/schema\/logo\/image\/","url":"https:\/\/wansda.net\/wp-content\/uploads\/2023\/10\/cropped-774ac2eb264f88d7de1cdded4021f93.jpg","contentUrl":"https:\/\/wansda.net\/wp-content\/uploads\/2023\/10\/cropped-774ac2eb264f88d7de1cdded4021f93.jpg","width":1039,"height":252,"caption":"WANSDA"},"image":{"@id":"https:\/\/wansda.net\/#\/schema\/logo\/image\/"}}]}},"taxonomy_info":{"product_cat":[{"value":37,"label":"COMMERCIAL BILLBOARD"}]},"featured_image_src_large":["https:\/\/wansda.net\/wp-content\/uploads\/2023\/10\/\u56fe-\u7f29\u5c0f-1-1.jpg",398,787,false],"author_info":[],"comment_info":0,"_links":{"self":[{"href":"https:\/\/wansda.net\/fr\/wp-json\/wp\/v2\/product\/1664","targetHints":{"allow":["GET"]}}],"collection":[{"href":"https:\/\/wansda.net\/fr\/wp-json\/wp\/v2\/product"}],"about":[{"href":"https:\/\/wansda.net\/fr\/wp-json\/wp\/v2\/types\/product"}],"replies":[{"embeddable":true,"href":"https:\/\/wansda.net\/fr\/wp-json\/wp\/v2\/comments?post=1664"}],"wp:featuredmedia":[{"embeddable":true,"href":"https:\/\/wansda.net\/fr\/wp-json\/wp\/v2\/media\/1676"}],"wp:attachment":[{"href":"https:\/\/wansda.net\/fr\/wp-json\/wp\/v2\/media?parent=1664"}],"wp:term":[{"taxonomy":"product_brand","embeddable":true,"href":"https:\/\/wansda.net\/fr\/wp-json\/wp\/v2\/product_brand?post=1664"},{"taxonomy":"product_cat","embeddable":true,"href":"https:\/\/wansda.net\/fr\/wp-json\/wp\/v2\/product_cat?post=1664"},{"taxonomy":"product_tag","embeddable":true,"href":"https:\/\/wansda.net\/fr\/wp-json\/wp\/v2\/product_tag?post=1664"}],"curies":[{"name":"wp","href":"https:\/\/api.w.org\/{rel}","templated":true}]}}