{"id":1667,"date":"2023-10-14T13:33:47","date_gmt":"2023-10-14T13:33:47","guid":{"rendered":"https:\/\/wansda.net\/?post_type=product&#038;p=1667"},"modified":"2023-10-14T13:46:54","modified_gmt":"2023-10-14T13:46:54","slug":"free-standing-indoor-lcd-advertising-display","status":"publish","type":"product","link":"https:\/\/wansda.net\/fr\/produit\/free-standing-indoor-lcd-advertising-display\/","title":{"rendered":"\u00a0\u00c9cran publicitaire LCD int\u00e9rieur autonome"},"content":{"rendered":"<p>Nom du produit\u00a0:\u00a0\u00c9cran publicitaire LCD d&#039;int\u00e9rieur autonome<\/p>\n<p>Taille du panneau : 32\u2033-65\u2033<\/p>\n<p>Mat\u00e9riau : cadre en m\u00e9tal, panneau LCD.<\/p>\n<p>Fonction\u00a0: affichage publicitaire<\/p>\n<p>Emballage en carton en bois de haute qualit\u00e9<\/p>\n<p>Le syst\u00e8me d&#039;exploitation:<\/p>\n<p>USB autonome, Android, supporte le syst\u00e8me Win10<\/p>\n<p>Option d&#039;\u00e9cran tactile Tactile IR, Tactile Capacitif<\/p>\n<p>\u00c9cran d&#039;affichage:<\/p>\n<p>\u00c9cran \u00e0 angle de vue complet, 1920*1080 FHD, r\u00e9tro\u00e9clairage LED<\/p>\n<p>Angle de vue : 89\/89 (H), 89\/89 (V) ;<\/p>\n<p>Rapport de contraste\u00a0: 3000\u00a0;<\/p>\n<p>Luminosit\u00e9 : 350cdm2 ;<\/p>\n<p>Rapport\u00a0: 16:9<\/p>\n<p>Internet Wi-Fi\u00a0; 3G\/4G en option\u00a0; Ethernet RJ45\u00a0;<\/p>\n<p>Interface : port RJ45 ; Emplacement pour carte SD\u00a0; Port USB; Port Wi-Fi\u00a0;<\/p>\n<p>Bouton ON \/ OFF<\/p>\n<p>Format vid\u00e9o MPEG-1,MPEG-2,MPEG-4,H.264,H.265,RV etc.,<\/p>\n<p>prend en charge jusqu&#039;\u00e0 1080p<\/p>\n<p>Format audio MP3\/WMA\/AAC etc. Photo jepg<\/p>\n<p>Consommation d&#039;\u00e9nergie\u00a0: 48 \u00e0 78\u00a0W<\/p>\n<p>Prise en charge multilingue\u00a0; Carte d&#039;alimentation interne (AC100-240V)<\/p>\n<p>Accessoires C\u00e2ble CA, bo\u00eete d&#039;emballage, station d&#039;accueil au sol<\/p>\n<p><img loading=\"lazy\" decoding=\"async\" class=\"alignnone wp-image-1655\" src=\"https:\/\/wansda.net\/wp-content\/uploads\/2023\/10\/\u5fae\u4fe1\u622a\u56fe_20231014184438-300x27.jpg\" alt=\"\" width=\"356\" height=\"32\" srcset=\"https:\/\/wansda.net\/wp-content\/uploads\/2023\/10\/\u5fae\u4fe1\u622a\u56fe_20231014184438-300x27.jpg 300w, https:\/\/wansda.net\/wp-content\/uploads\/2023\/10\/\u5fae\u4fe1\u622a\u56fe_20231014184438-1024x91.jpg 1024w, https:\/\/wansda.net\/wp-content\/uploads\/2023\/10\/\u5fae\u4fe1\u622a\u56fe_20231014184438-768x68.jpg 768w, https:\/\/wansda.net\/wp-content\/uploads\/2023\/10\/\u5fae\u4fe1\u622a\u56fe_20231014184438-18x2.jpg 18w, https:\/\/wansda.net\/wp-content\/uploads\/2023\/10\/\u5fae\u4fe1\u622a\u56fe_20231014184438-700x62.jpg 700w, https:\/\/wansda.net\/wp-content\/uploads\/2023\/10\/\u5fae\u4fe1\u622a\u56fe_20231014184438.jpg 1077w\" sizes=\"auto, (max-width: 356px) 100vw, 356px\" \/><\/p>","protected":false},"excerpt":{"rendered":"<p>Nom du produit\u00a0:\u00a0affichage publicitaire LCD d&#039;int\u00e9rieur autonome Taille du panneau\u00a0: 32\u00a0\u2033 - 65\u00a0\u2033 Mat\u00e9riau\u00a0: cadre en m\u00e9tal, panneau LCD Fonction\u00a0: emballage d&#039;affichage publicitaire Emballage en carton en bois de haute qualit\u00e9 Syst\u00e8me d&#039;exploitation\u00a0: USB autonome, Android, prise en charge du syst\u00e8me Win10, option d&#039;\u00e9cran tactile IR \u00c9cran tactile capacitif : \u00e9cran \u00e0 angle de vue complet, 1920 x 1080 FHD, r\u00e9tro\u00e9clairage LED. Angle de vue : 89\/89 (H), 89\/89 (V) ; Rapport de contraste\u00a0: 3000\u00a0; Luminosit\u00e9 : 350cdm2 ;\u2026<\/p>","protected":false},"featured_media":1673,"comment_status":"open","ping_status":"closed","template":"","meta":{"_kad_blocks_custom_css":"","_kad_blocks_head_custom_js":"","_kad_blocks_body_custom_js":"","_kad_blocks_footer_custom_js":"","_kad_post_transparent":"default","_kad_post_title":"","_kad_post_layout":"default","_kad_post_sidebar_id":"","_kad_post_content_style":"default","_kad_post_vertical_padding":"default","_kad_post_feature":"","_kad_post_feature_position":"","_kad_post_header":false,"_kad_post_footer":false},"product_brand":[],"product_cat":[37],"product_tag":[],"class_list":{"0":"post-1667","1":"product","2":"type-product","3":"status-publish","4":"has-post-thumbnail","6":"product_cat-commercial-billboard","8":"first","9":"instock","10":"shipping-taxable","11":"product-type-simple","12":"entry","13":"content-bg","14":"loop-entry"},"yoast_head":"<!-- This site is optimized with the Yoast SEO Premium plugin v20.5 (Yoast SEO v22.7) - https:\/\/yoast.com\/wordpress\/plugins\/seo\/ -->\n<title>\u00a0Free standing indoor LCD advertising display - WANSDA<\/title>\n<meta name=\"robots\" content=\"index, follow, max-snippet:-1, max-image-preview:large, max-video-preview:-1\" \/>\n<link rel=\"canonical\" href=\"https:\/\/wansda.net\/fr\/produit\/free-standing-indoor-lcd-advertising-display\/\" \/>\n<meta property=\"og:locale\" content=\"fr_FR\" \/>\n<meta property=\"og:type\" content=\"article\" \/>\n<meta property=\"og:title\" content=\"\u00a0Free standing indoor LCD advertising display\" \/>\n<meta property=\"og:description\" content=\"Product Name\uff1a\u00a0Free standing indoor LCD advertising display Panel size:\u00a032&#8243;-65&#8243; Material: Metal Frame, LCD Panel Function:\u00a0Advertising Display Package High Quality Wooden Carton Package Operation System: USB Stand alone, Android, Support Win10 system Touch Screen Option IR Touch, Capacitive Touch Display Screen: Full view angle screen, 1920*1080 FHD, LED backlight View angle: 89\/89(H),89\/89(V); Contrast ratio:3000; Brightness: 350cdm2;...\" \/>\n<meta property=\"og:url\" content=\"https:\/\/wansda.net\/fr\/produit\/free-standing-indoor-lcd-advertising-display\/\" \/>\n<meta property=\"og:site_name\" content=\"WANSDA\" \/>\n<meta property=\"article:modified_time\" content=\"2023-10-14T13:46:54+00:00\" \/>\n<meta property=\"og:image\" content=\"https:\/\/wansda.net\/wp-content\/uploads\/2023\/10\/\u56fe-\u7f29\u5c0f-2.jpg\" \/>\n\t<meta property=\"og:image:width\" content=\"405\" \/>\n\t<meta property=\"og:image:height\" content=\"838\" \/>\n\t<meta property=\"og:image:type\" content=\"image\/jpeg\" \/>\n<meta name=\"twitter:card\" content=\"summary_large_image\" \/>\n<meta name=\"twitter:label1\" content=\"Dur\u00e9e de lecture estim\u00e9e\" \/>\n\t<meta name=\"twitter:data1\" content=\"1 minute\" \/>\n<script type=\"application\/ld+json\" class=\"yoast-schema-graph\">{\"@context\":\"https:\/\/schema.org\",\"@graph\":[{\"@type\":\"WebPage\",\"@id\":\"https:\/\/wansda.net\/product\/free-standing-indoor-lcd-advertising-display\/\",\"url\":\"https:\/\/wansda.net\/product\/free-standing-indoor-lcd-advertising-display\/\",\"name\":\"\u00a0Free standing indoor LCD advertising display - WANSDA\",\"isPartOf\":{\"@id\":\"https:\/\/wansda.net\/#website\"},\"primaryImageOfPage\":{\"@id\":\"https:\/\/wansda.net\/product\/free-standing-indoor-lcd-advertising-display\/#primaryimage\"},\"image\":{\"@id\":\"https:\/\/wansda.net\/product\/free-standing-indoor-lcd-advertising-display\/#primaryimage\"},\"thumbnailUrl\":\"https:\/\/wansda.net\/wp-content\/uploads\/2023\/10\/\u56fe-\u7f29\u5c0f-2.jpg\",\"datePublished\":\"2023-10-14T13:33:47+00:00\",\"dateModified\":\"2023-10-14T13:46:54+00:00\",\"breadcrumb\":{\"@id\":\"https:\/\/wansda.net\/product\/free-standing-indoor-lcd-advertising-display\/#breadcrumb\"},\"inLanguage\":\"fr-FR\",\"potentialAction\":[{\"@type\":\"ReadAction\",\"target\":[\"https:\/\/wansda.net\/product\/free-standing-indoor-lcd-advertising-display\/\"]}]},{\"@type\":\"ImageObject\",\"inLanguage\":\"fr-FR\",\"@id\":\"https:\/\/wansda.net\/product\/free-standing-indoor-lcd-advertising-display\/#primaryimage\",\"url\":\"https:\/\/wansda.net\/wp-content\/uploads\/2023\/10\/\u56fe-\u7f29\u5c0f-2.jpg\",\"contentUrl\":\"https:\/\/wansda.net\/wp-content\/uploads\/2023\/10\/\u56fe-\u7f29\u5c0f-2.jpg\",\"width\":405,\"height\":838},{\"@type\":\"BreadcrumbList\",\"@id\":\"https:\/\/wansda.net\/product\/free-standing-indoor-lcd-advertising-display\/#breadcrumb\",\"itemListElement\":[{\"@type\":\"ListItem\",\"position\":1,\"name\":\"Home\",\"item\":\"https:\/\/wansda.net\/\"},{\"@type\":\"ListItem\",\"position\":2,\"name\":\"Product\",\"item\":\"https:\/\/wansda.net\/product\/\"},{\"@type\":\"ListItem\",\"position\":3,\"name\":\"\u00a0Free standing indoor LCD advertising display\"}]},{\"@type\":\"WebSite\",\"@id\":\"https:\/\/wansda.net\/#website\",\"url\":\"https:\/\/wansda.net\/\",\"name\":\"WANSDA\",\"description\":\"WANSDA\",\"publisher\":{\"@id\":\"https:\/\/wansda.net\/#organization\"},\"potentialAction\":[{\"@type\":\"SearchAction\",\"target\":{\"@type\":\"EntryPoint\",\"urlTemplate\":\"https:\/\/wansda.net\/?s={search_term_string}\"},\"query-input\":\"required name=search_term_string\"}],\"inLanguage\":\"fr-FR\"},{\"@type\":\"Organization\",\"@id\":\"https:\/\/wansda.net\/#organization\",\"name\":\"WANSDA\",\"url\":\"https:\/\/wansda.net\/\",\"logo\":{\"@type\":\"ImageObject\",\"inLanguage\":\"fr-FR\",\"@id\":\"https:\/\/wansda.net\/#\/schema\/logo\/image\/\",\"url\":\"https:\/\/wansda.net\/wp-content\/uploads\/2023\/10\/cropped-774ac2eb264f88d7de1cdded4021f93.jpg\",\"contentUrl\":\"https:\/\/wansda.net\/wp-content\/uploads\/2023\/10\/cropped-774ac2eb264f88d7de1cdded4021f93.jpg\",\"width\":1039,\"height\":252,\"caption\":\"WANSDA\"},\"image\":{\"@id\":\"https:\/\/wansda.net\/#\/schema\/logo\/image\/\"}}]}<\/script>\n<!-- \/ Yoast SEO Premium plugin. -->","yoast_head_json":{"title":"\u00a0Free standing indoor LCD advertising display - WANSDA","robots":{"index":"index","follow":"follow","max-snippet":"max-snippet:-1","max-image-preview":"max-image-preview:large","max-video-preview":"max-video-preview:-1"},"canonical":"https:\/\/wansda.net\/fr\/produit\/free-standing-indoor-lcd-advertising-display\/","og_locale":"fr_FR","og_type":"article","og_title":"\u00a0Free standing indoor LCD advertising display","og_description":"Product Name\uff1a\u00a0Free standing indoor LCD advertising display Panel size:\u00a032&#8243;-65&#8243; Material: Metal Frame, LCD Panel Function:\u00a0Advertising Display Package High Quality Wooden Carton Package Operation System: USB Stand alone, Android, Support Win10 system Touch Screen Option IR Touch, Capacitive Touch Display Screen: Full view angle screen, 1920*1080 FHD, LED backlight View angle: 89\/89(H),89\/89(V); Contrast ratio:3000; Brightness: 350cdm2;...","og_url":"https:\/\/wansda.net\/fr\/produit\/free-standing-indoor-lcd-advertising-display\/","og_site_name":"WANSDA","article_modified_time":"2023-10-14T13:46:54+00:00","og_image":[{"width":405,"height":838,"url":"https:\/\/wansda.net\/wp-content\/uploads\/2023\/10\/\u56fe-\u7f29\u5c0f-2.jpg","type":"image\/jpeg"}],"twitter_card":"summary_large_image","twitter_misc":{"Dur\u00e9e de lecture estim\u00e9e":"1 minute"},"schema":{"@context":"https:\/\/schema.org","@graph":[{"@type":"WebPage","@id":"https:\/\/wansda.net\/product\/free-standing-indoor-lcd-advertising-display\/","url":"https:\/\/wansda.net\/product\/free-standing-indoor-lcd-advertising-display\/","name":"\u00a0Free standing indoor LCD advertising display - WANSDA","isPartOf":{"@id":"https:\/\/wansda.net\/#website"},"primaryImageOfPage":{"@id":"https:\/\/wansda.net\/product\/free-standing-indoor-lcd-advertising-display\/#primaryimage"},"image":{"@id":"https:\/\/wansda.net\/product\/free-standing-indoor-lcd-advertising-display\/#primaryimage"},"thumbnailUrl":"https:\/\/wansda.net\/wp-content\/uploads\/2023\/10\/\u56fe-\u7f29\u5c0f-2.jpg","datePublished":"2023-10-14T13:33:47+00:00","dateModified":"2023-10-14T13:46:54+00:00","breadcrumb":{"@id":"https:\/\/wansda.net\/product\/free-standing-indoor-lcd-advertising-display\/#breadcrumb"},"inLanguage":"fr-FR","potentialAction":[{"@type":"ReadAction","target":["https:\/\/wansda.net\/product\/free-standing-indoor-lcd-advertising-display\/"]}]},{"@type":"ImageObject","inLanguage":"fr-FR","@id":"https:\/\/wansda.net\/product\/free-standing-indoor-lcd-advertising-display\/#primaryimage","url":"https:\/\/wansda.net\/wp-content\/uploads\/2023\/10\/\u56fe-\u7f29\u5c0f-2.jpg","contentUrl":"https:\/\/wansda.net\/wp-content\/uploads\/2023\/10\/\u56fe-\u7f29\u5c0f-2.jpg","width":405,"height":838},{"@type":"BreadcrumbList","@id":"https:\/\/wansda.net\/product\/free-standing-indoor-lcd-advertising-display\/#breadcrumb","itemListElement":[{"@type":"ListItem","position":1,"name":"Home","item":"https:\/\/wansda.net\/"},{"@type":"ListItem","position":2,"name":"Product","item":"https:\/\/wansda.net\/product\/"},{"@type":"ListItem","position":3,"name":"\u00a0Free standing indoor LCD advertising display"}]},{"@type":"WebSite","@id":"https:\/\/wansda.net\/#website","url":"https:\/\/wansda.net\/","name":"WANSDA","description":"WANSDA","publisher":{"@id":"https:\/\/wansda.net\/#organization"},"potentialAction":[{"@type":"SearchAction","target":{"@type":"EntryPoint","urlTemplate":"https:\/\/wansda.net\/?s={search_term_string}"},"query-input":"required name=search_term_string"}],"inLanguage":"fr-FR"},{"@type":"Organization","@id":"https:\/\/wansda.net\/#organization","name":"WANSDA","url":"https:\/\/wansda.net\/","logo":{"@type":"ImageObject","inLanguage":"fr-FR","@id":"https:\/\/wansda.net\/#\/schema\/logo\/image\/","url":"https:\/\/wansda.net\/wp-content\/uploads\/2023\/10\/cropped-774ac2eb264f88d7de1cdded4021f93.jpg","contentUrl":"https:\/\/wansda.net\/wp-content\/uploads\/2023\/10\/cropped-774ac2eb264f88d7de1cdded4021f93.jpg","width":1039,"height":252,"caption":"WANSDA"},"image":{"@id":"https:\/\/wansda.net\/#\/schema\/logo\/image\/"}}]}},"taxonomy_info":{"product_cat":[{"value":37,"label":"COMMERCIAL BILLBOARD"}]},"featured_image_src_large":["https:\/\/wansda.net\/wp-content\/uploads\/2023\/10\/\u56fe-\u7f29\u5c0f-2.jpg",405,838,false],"author_info":[],"comment_info":2,"_links":{"self":[{"href":"https:\/\/wansda.net\/fr\/wp-json\/wp\/v2\/product\/1667","targetHints":{"allow":["GET"]}}],"collection":[{"href":"https:\/\/wansda.net\/fr\/wp-json\/wp\/v2\/product"}],"about":[{"href":"https:\/\/wansda.net\/fr\/wp-json\/wp\/v2\/types\/product"}],"replies":[{"embeddable":true,"href":"https:\/\/wansda.net\/fr\/wp-json\/wp\/v2\/comments?post=1667"}],"wp:featuredmedia":[{"embeddable":true,"href":"https:\/\/wansda.net\/fr\/wp-json\/wp\/v2\/media\/1673"}],"wp:attachment":[{"href":"https:\/\/wansda.net\/fr\/wp-json\/wp\/v2\/media?parent=1667"}],"wp:term":[{"taxonomy":"product_brand","embeddable":true,"href":"https:\/\/wansda.net\/fr\/wp-json\/wp\/v2\/product_brand?post=1667"},{"taxonomy":"product_cat","embeddable":true,"href":"https:\/\/wansda.net\/fr\/wp-json\/wp\/v2\/product_cat?post=1667"},{"taxonomy":"product_tag","embeddable":true,"href":"https:\/\/wansda.net\/fr\/wp-json\/wp\/v2\/product_tag?post=1667"}],"curies":[{"name":"wp","href":"https:\/\/api.w.org\/{rel}","templated":true}]}}