{"id":1678,"date":"2023-10-14T13:57:13","date_gmt":"2023-10-14T13:57:13","guid":{"rendered":"https:\/\/wansda.net\/?post_type=product&#038;p=1678"},"modified":"2023-10-14T13:57:44","modified_gmt":"2023-10-14T13:57:44","slug":"advertising-display-splicing-screen","status":"publish","type":"product","link":"https:\/\/wansda.net\/fr\/produit\/advertising-display-splicing-screen\/","title":{"rendered":"Affichage publicitaire\/\u00e9cran d&#039;\u00e9pissure"},"content":{"rendered":"<p>Affichage publicitaire\/\u00e9cran d&#039;\u00e9pissure<\/p>\n<p>\u00c9cran partag\u00e9 int\u00e9rieur HD 4K 55 pouces<\/p>\n<p>\u00c9cran de contr\u00f4le publicitaire LCD 3 \u00d7 3 pour mur vid\u00e9o<\/p>\n<p>Taille 46&#039;\/49\u2033\/55\u2033\/65\u2033<\/p>\n<p>Sans couture \/0,88 mm\/ 1,7 mm\/3,5 mm\/ 8 mm<\/p>\n<p>\u00c9cran d&#039;\u00e9pissage LCD<\/p>\n<p>\u00c9pissage intelligent, toutes les combinaisons disponibles<\/p>\n<p>Personnalisation du support<\/p>\n<p>Conception personnalis\u00e9e<\/p>\n<p>Flexible et polyvalent pour r\u00e9pondre \u00e0 diff\u00e9rents besoins<\/p>\n<p>Application \u00e0 la s\u00e9curit\u00e9, aux m\u00e9dias de radiodiffusion et de t\u00e9l\u00e9vision, au traitement m\u00e9dical<\/p>\n<p>Industrie et m\u00e9dias publics et autres domaines de pointe<\/p>\n<p><img loading=\"lazy\" decoding=\"async\" class=\"alignnone wp-image-1655\" src=\"https:\/\/wansda.net\/wp-content\/uploads\/2023\/10\/\u5fae\u4fe1\u622a\u56fe_20231014184438-300x27.jpg\" alt=\"\" width=\"356\" height=\"32\" srcset=\"https:\/\/wansda.net\/wp-content\/uploads\/2023\/10\/\u5fae\u4fe1\u622a\u56fe_20231014184438-300x27.jpg 300w, https:\/\/wansda.net\/wp-content\/uploads\/2023\/10\/\u5fae\u4fe1\u622a\u56fe_20231014184438-1024x91.jpg 1024w, https:\/\/wansda.net\/wp-content\/uploads\/2023\/10\/\u5fae\u4fe1\u622a\u56fe_20231014184438-768x68.jpg 768w, https:\/\/wansda.net\/wp-content\/uploads\/2023\/10\/\u5fae\u4fe1\u622a\u56fe_20231014184438-18x2.jpg 18w, https:\/\/wansda.net\/wp-content\/uploads\/2023\/10\/\u5fae\u4fe1\u622a\u56fe_20231014184438-700x62.jpg 700w, https:\/\/wansda.net\/wp-content\/uploads\/2023\/10\/\u5fae\u4fe1\u622a\u56fe_20231014184438.jpg 1077w\" sizes=\"auto, (max-width: 356px) 100vw, 356px\" \/><\/p>","protected":false},"excerpt":{"rendered":"<p>Affichage publicitaire\/\u00e9cran d&#039;\u00e9pissage \u00c9cran partag\u00e9 int\u00e9rieur HD 4K 55 pouces Affichage de contr\u00f4le Publicit\u00e9 LCD 3 \u00d7 3 pour mur vid\u00e9o Taille 46&#039;\/49\u2033\/55 &quot;\/ 65&quot; Sans soudure \/0,88 mm\/ 1,7 mm\/3,5 mm\/ 8 mm \u00c9cran d&#039;\u00e9pissage LCD \u00c9pissage intelligent , toute combinaison disponible Personnalisation du support Conception personnalis\u00e9e Flexible et polyvalent pour r\u00e9pondre \u00e0 diff\u00e9rents besoins Application \u00e0 la s\u00e9curit\u00e9, aux m\u00e9dias de radiodiffusion et de t\u00e9l\u00e9vision, \u00e0 l&#039;industrie du traitement m\u00e9dical et aux m\u00e9dias publics\u2026<\/p>","protected":false},"featured_media":1637,"comment_status":"open","ping_status":"closed","template":"","meta":{"_kad_blocks_custom_css":"","_kad_blocks_head_custom_js":"","_kad_blocks_body_custom_js":"","_kad_blocks_footer_custom_js":"","_kad_post_transparent":"default","_kad_post_title":"","_kad_post_layout":"default","_kad_post_sidebar_id":"","_kad_post_content_style":"default","_kad_post_vertical_padding":"default","_kad_post_feature":"","_kad_post_feature_position":"","_kad_post_header":false,"_kad_post_footer":false},"product_brand":[],"product_cat":[36],"product_tag":[],"class_list":{"0":"post-1678","1":"product","2":"type-product","3":"status-publish","4":"has-post-thumbnail","6":"product_cat-advertising-display-splice-screen","8":"first","9":"instock","10":"shipping-taxable","11":"product-type-simple","12":"entry","13":"content-bg","14":"loop-entry"},"yoast_head":"<!-- This site is optimized with the Yoast SEO Premium plugin v20.5 (Yoast SEO v22.7) - https:\/\/yoast.com\/wordpress\/plugins\/seo\/ -->\n<title>Advertising display \/splicing screen - WANSDA<\/title>\n<meta name=\"robots\" content=\"index, follow, max-snippet:-1, max-image-preview:large, max-video-preview:-1\" \/>\n<link rel=\"canonical\" href=\"https:\/\/wansda.net\/fr\/produit\/advertising-display-splicing-screen\/\" \/>\n<meta property=\"og:locale\" content=\"fr_FR\" \/>\n<meta property=\"og:type\" content=\"article\" \/>\n<meta property=\"og:title\" content=\"Advertising display \/splicing screen\" \/>\n<meta property=\"og:description\" content=\"Advertising display \/splicing screen Indoor HD 4K 55inch split screen Control display 3&#215;3 LCD\u00a0advertising for video wall Size 46&#8217;\/49&#8243;\/55 &#8220;\/ 65&#8221; Seamless \/0.88mm\/ 1.7mm\/3.5mm\/ 8mm LCD splicing screen Smart splicing, any combination\u00a0available Support customization Personalized design Flexible and versatile to meet different needs Application to security, Broadcasting &amp;TV media, Medical treatment Industry and public media...\" \/>\n<meta property=\"og:url\" content=\"https:\/\/wansda.net\/fr\/produit\/advertising-display-splicing-screen\/\" \/>\n<meta property=\"og:site_name\" content=\"WANSDA\" \/>\n<meta property=\"article:modified_time\" content=\"2023-10-14T13:57:44+00:00\" \/>\n<meta property=\"og:image\" content=\"https:\/\/wansda.net\/wp-content\/uploads\/2023\/10\/\u56fe\u7247-1-3.png\" \/>\n\t<meta property=\"og:image:width\" content=\"876\" \/>\n\t<meta property=\"og:image:height\" content=\"621\" \/>\n\t<meta property=\"og:image:type\" content=\"image\/png\" \/>\n<meta name=\"twitter:card\" content=\"summary_large_image\" \/>\n<meta name=\"twitter:label1\" content=\"Dur\u00e9e de lecture estim\u00e9e\" \/>\n\t<meta name=\"twitter:data1\" content=\"1 minute\" \/>\n<script type=\"application\/ld+json\" class=\"yoast-schema-graph\">{\"@context\":\"https:\/\/schema.org\",\"@graph\":[{\"@type\":\"WebPage\",\"@id\":\"https:\/\/wansda.net\/product\/advertising-display-splicing-screen\/\",\"url\":\"https:\/\/wansda.net\/product\/advertising-display-splicing-screen\/\",\"name\":\"Advertising display \/splicing screen - WANSDA\",\"isPartOf\":{\"@id\":\"https:\/\/wansda.net\/#website\"},\"primaryImageOfPage\":{\"@id\":\"https:\/\/wansda.net\/product\/advertising-display-splicing-screen\/#primaryimage\"},\"image\":{\"@id\":\"https:\/\/wansda.net\/product\/advertising-display-splicing-screen\/#primaryimage\"},\"thumbnailUrl\":\"https:\/\/wansda.net\/wp-content\/uploads\/2023\/10\/\u56fe\u7247-1-3.png\",\"datePublished\":\"2023-10-14T13:57:13+00:00\",\"dateModified\":\"2023-10-14T13:57:44+00:00\",\"breadcrumb\":{\"@id\":\"https:\/\/wansda.net\/product\/advertising-display-splicing-screen\/#breadcrumb\"},\"inLanguage\":\"fr-FR\",\"potentialAction\":[{\"@type\":\"ReadAction\",\"target\":[\"https:\/\/wansda.net\/product\/advertising-display-splicing-screen\/\"]}]},{\"@type\":\"ImageObject\",\"inLanguage\":\"fr-FR\",\"@id\":\"https:\/\/wansda.net\/product\/advertising-display-splicing-screen\/#primaryimage\",\"url\":\"https:\/\/wansda.net\/wp-content\/uploads\/2023\/10\/\u56fe\u7247-1-3.png\",\"contentUrl\":\"https:\/\/wansda.net\/wp-content\/uploads\/2023\/10\/\u56fe\u7247-1-3.png\",\"width\":876,\"height\":621},{\"@type\":\"BreadcrumbList\",\"@id\":\"https:\/\/wansda.net\/product\/advertising-display-splicing-screen\/#breadcrumb\",\"itemListElement\":[{\"@type\":\"ListItem\",\"position\":1,\"name\":\"Home\",\"item\":\"https:\/\/wansda.net\/\"},{\"@type\":\"ListItem\",\"position\":2,\"name\":\"Product\",\"item\":\"https:\/\/wansda.net\/product\/\"},{\"@type\":\"ListItem\",\"position\":3,\"name\":\"Advertising display \/splicing screen\"}]},{\"@type\":\"WebSite\",\"@id\":\"https:\/\/wansda.net\/#website\",\"url\":\"https:\/\/wansda.net\/\",\"name\":\"WANSDA\",\"description\":\"WANSDA\",\"publisher\":{\"@id\":\"https:\/\/wansda.net\/#organization\"},\"potentialAction\":[{\"@type\":\"SearchAction\",\"target\":{\"@type\":\"EntryPoint\",\"urlTemplate\":\"https:\/\/wansda.net\/?s={search_term_string}\"},\"query-input\":\"required name=search_term_string\"}],\"inLanguage\":\"fr-FR\"},{\"@type\":\"Organization\",\"@id\":\"https:\/\/wansda.net\/#organization\",\"name\":\"WANSDA\",\"url\":\"https:\/\/wansda.net\/\",\"logo\":{\"@type\":\"ImageObject\",\"inLanguage\":\"fr-FR\",\"@id\":\"https:\/\/wansda.net\/#\/schema\/logo\/image\/\",\"url\":\"https:\/\/wansda.net\/wp-content\/uploads\/2023\/10\/cropped-774ac2eb264f88d7de1cdded4021f93.jpg\",\"contentUrl\":\"https:\/\/wansda.net\/wp-content\/uploads\/2023\/10\/cropped-774ac2eb264f88d7de1cdded4021f93.jpg\",\"width\":1039,\"height\":252,\"caption\":\"WANSDA\"},\"image\":{\"@id\":\"https:\/\/wansda.net\/#\/schema\/logo\/image\/\"}}]}<\/script>\n<!-- \/ Yoast SEO Premium plugin. -->","yoast_head_json":{"title":"Advertising display \/splicing screen - WANSDA","robots":{"index":"index","follow":"follow","max-snippet":"max-snippet:-1","max-image-preview":"max-image-preview:large","max-video-preview":"max-video-preview:-1"},"canonical":"https:\/\/wansda.net\/fr\/produit\/advertising-display-splicing-screen\/","og_locale":"fr_FR","og_type":"article","og_title":"Advertising display \/splicing screen","og_description":"Advertising display \/splicing screen Indoor HD 4K 55inch split screen Control display 3&#215;3 LCD\u00a0advertising for video wall Size 46&#8217;\/49&#8243;\/55 &#8220;\/ 65&#8221; Seamless \/0.88mm\/ 1.7mm\/3.5mm\/ 8mm LCD splicing screen Smart splicing, any combination\u00a0available Support customization Personalized design Flexible and versatile to meet different needs Application to security, Broadcasting &amp;TV media, Medical treatment Industry and public media...","og_url":"https:\/\/wansda.net\/fr\/produit\/advertising-display-splicing-screen\/","og_site_name":"WANSDA","article_modified_time":"2023-10-14T13:57:44+00:00","og_image":[{"width":876,"height":621,"url":"https:\/\/wansda.net\/wp-content\/uploads\/2023\/10\/\u56fe\u7247-1-3.png","type":"image\/png"}],"twitter_card":"summary_large_image","twitter_misc":{"Dur\u00e9e de lecture estim\u00e9e":"1 minute"},"schema":{"@context":"https:\/\/schema.org","@graph":[{"@type":"WebPage","@id":"https:\/\/wansda.net\/product\/advertising-display-splicing-screen\/","url":"https:\/\/wansda.net\/product\/advertising-display-splicing-screen\/","name":"Advertising display \/splicing screen - WANSDA","isPartOf":{"@id":"https:\/\/wansda.net\/#website"},"primaryImageOfPage":{"@id":"https:\/\/wansda.net\/product\/advertising-display-splicing-screen\/#primaryimage"},"image":{"@id":"https:\/\/wansda.net\/product\/advertising-display-splicing-screen\/#primaryimage"},"thumbnailUrl":"https:\/\/wansda.net\/wp-content\/uploads\/2023\/10\/\u56fe\u7247-1-3.png","datePublished":"2023-10-14T13:57:13+00:00","dateModified":"2023-10-14T13:57:44+00:00","breadcrumb":{"@id":"https:\/\/wansda.net\/product\/advertising-display-splicing-screen\/#breadcrumb"},"inLanguage":"fr-FR","potentialAction":[{"@type":"ReadAction","target":["https:\/\/wansda.net\/product\/advertising-display-splicing-screen\/"]}]},{"@type":"ImageObject","inLanguage":"fr-FR","@id":"https:\/\/wansda.net\/product\/advertising-display-splicing-screen\/#primaryimage","url":"https:\/\/wansda.net\/wp-content\/uploads\/2023\/10\/\u56fe\u7247-1-3.png","contentUrl":"https:\/\/wansda.net\/wp-content\/uploads\/2023\/10\/\u56fe\u7247-1-3.png","width":876,"height":621},{"@type":"BreadcrumbList","@id":"https:\/\/wansda.net\/product\/advertising-display-splicing-screen\/#breadcrumb","itemListElement":[{"@type":"ListItem","position":1,"name":"Home","item":"https:\/\/wansda.net\/"},{"@type":"ListItem","position":2,"name":"Product","item":"https:\/\/wansda.net\/product\/"},{"@type":"ListItem","position":3,"name":"Advertising display \/splicing screen"}]},{"@type":"WebSite","@id":"https:\/\/wansda.net\/#website","url":"https:\/\/wansda.net\/","name":"WANSDA","description":"WANSDA","publisher":{"@id":"https:\/\/wansda.net\/#organization"},"potentialAction":[{"@type":"SearchAction","target":{"@type":"EntryPoint","urlTemplate":"https:\/\/wansda.net\/?s={search_term_string}"},"query-input":"required name=search_term_string"}],"inLanguage":"fr-FR"},{"@type":"Organization","@id":"https:\/\/wansda.net\/#organization","name":"WANSDA","url":"https:\/\/wansda.net\/","logo":{"@type":"ImageObject","inLanguage":"fr-FR","@id":"https:\/\/wansda.net\/#\/schema\/logo\/image\/","url":"https:\/\/wansda.net\/wp-content\/uploads\/2023\/10\/cropped-774ac2eb264f88d7de1cdded4021f93.jpg","contentUrl":"https:\/\/wansda.net\/wp-content\/uploads\/2023\/10\/cropped-774ac2eb264f88d7de1cdded4021f93.jpg","width":1039,"height":252,"caption":"WANSDA"},"image":{"@id":"https:\/\/wansda.net\/#\/schema\/logo\/image\/"}}]}},"taxonomy_info":{"product_cat":[{"value":36,"label":"ADVERTISING DISPLAY\/SPLICE SCREEN"}]},"featured_image_src_large":["https:\/\/wansda.net\/wp-content\/uploads\/2023\/10\/\u56fe\u7247-1-3.png",876,621,false],"author_info":[],"comment_info":0,"_links":{"self":[{"href":"https:\/\/wansda.net\/fr\/wp-json\/wp\/v2\/product\/1678","targetHints":{"allow":["GET"]}}],"collection":[{"href":"https:\/\/wansda.net\/fr\/wp-json\/wp\/v2\/product"}],"about":[{"href":"https:\/\/wansda.net\/fr\/wp-json\/wp\/v2\/types\/product"}],"replies":[{"embeddable":true,"href":"https:\/\/wansda.net\/fr\/wp-json\/wp\/v2\/comments?post=1678"}],"wp:featuredmedia":[{"embeddable":true,"href":"https:\/\/wansda.net\/fr\/wp-json\/wp\/v2\/media\/1637"}],"wp:attachment":[{"href":"https:\/\/wansda.net\/fr\/wp-json\/wp\/v2\/media?parent=1678"}],"wp:term":[{"taxonomy":"product_brand","embeddable":true,"href":"https:\/\/wansda.net\/fr\/wp-json\/wp\/v2\/product_brand?post=1678"},{"taxonomy":"product_cat","embeddable":true,"href":"https:\/\/wansda.net\/fr\/wp-json\/wp\/v2\/product_cat?post=1678"},{"taxonomy":"product_tag","embeddable":true,"href":"https:\/\/wansda.net\/fr\/wp-json\/wp\/v2\/product_tag?post=1678"}],"curies":[{"name":"wp","href":"https:\/\/api.w.org\/{rel}","templated":true}]}}