{"id":1685,"date":"2023-10-14T14:13:26","date_gmt":"2023-10-14T14:13:26","guid":{"rendered":"https:\/\/wansda.net\/?post_type=product&#038;p=1685"},"modified":"2023-10-14T14:13:28","modified_gmt":"2023-10-14T14:13:28","slug":"eled-215-cool-id-monitor","status":"publish","type":"product","link":"https:\/\/wansda.net\/fr\/produit\/eled-215-cool-id-monitor\/","title":{"rendered":"Moniteur d&#039;identification cool ELED 215"},"content":{"rendered":"<p>MONITEUR ELED215<\/p>\n<p>R\u00e9pondre aux besoins des utilisateurs avanc\u00e9s :<\/p>\n<p>-Color\u00e9<\/p>\n<p>-Apparence \u00e9l\u00e9gante<\/p>\n<p>-Ultra haute d\u00e9finition<\/p>\n<p>-Large gamme de couleurs<\/p>\n<p>-Port haute performance<\/p>\n<p>-Conception conviviale<\/p>\n<p>-Application de haute technologie<\/p>\n<p>-Lieu d&#039;origine : Chine<\/p>\n<p>-R\u00e9pondre \u00e9galement aux besoins du SOHO et du divertissement \u00e0 domicile\u00a0:<\/p>\n<p>-Exp\u00e9rience de divertissement exceptionnelle<\/p>\n<p>R\u00e9pondre aux besoins des joueurs<\/p>\n<p>-Taux de rafra\u00eechissement \u00e9lev\u00e9<\/p>\n<p>-Temps de r\u00e9ponse plus rapide<\/p>\n<p>-Couleurs r\u00e9alistes<\/p>\n<p>-Conception conviviale<\/p>\n<p>-Conception d&#039;ambiance e-sport<\/p>\n<p><img loading=\"lazy\" decoding=\"async\" class=\"alignnone wp-image-1655\" src=\"https:\/\/wansda.net\/wp-content\/uploads\/2023\/10\/\u5fae\u4fe1\u622a\u56fe_20231014184438-300x27.jpg\" alt=\"\" width=\"344\" height=\"31\" srcset=\"https:\/\/wansda.net\/wp-content\/uploads\/2023\/10\/\u5fae\u4fe1\u622a\u56fe_20231014184438-300x27.jpg 300w, https:\/\/wansda.net\/wp-content\/uploads\/2023\/10\/\u5fae\u4fe1\u622a\u56fe_20231014184438-1024x91.jpg 1024w, https:\/\/wansda.net\/wp-content\/uploads\/2023\/10\/\u5fae\u4fe1\u622a\u56fe_20231014184438-768x68.jpg 768w, https:\/\/wansda.net\/wp-content\/uploads\/2023\/10\/\u5fae\u4fe1\u622a\u56fe_20231014184438-18x2.jpg 18w, https:\/\/wansda.net\/wp-content\/uploads\/2023\/10\/\u5fae\u4fe1\u622a\u56fe_20231014184438-700x62.jpg 700w, https:\/\/wansda.net\/wp-content\/uploads\/2023\/10\/\u5fae\u4fe1\u622a\u56fe_20231014184438.jpg 1077w\" sizes=\"auto, (max-width: 344px) 100vw, 344px\" \/><\/p>\n<p>&nbsp;<\/p>","protected":false},"excerpt":{"rendered":"<p>MONITEUR ELED215 R\u00e9pond aux besoins des utilisateurs avanc\u00e9s : - Color\u00e9 - Apparence \u00e9l\u00e9gante - Ultra haute d\u00e9finition - Large gamme de couleurs - Port haute performance - Conception conviviale - Application de haute technologie - Lieu d&#039;origine : Chine - R\u00e9pond \u00e9galement aux besoins de SOHO et divertissement \u00e0 domicile : -Exp\u00e9rience de divertissement exceptionnelle R\u00e9pondre aux besoins des joueurs -Taux de rafra\u00eechissement \u00e9lev\u00e9 -Temps de r\u00e9ponse plus rapide -Couleurs r\u00e9alistes -Conception conviviale\u2026<\/p>","protected":false},"featured_media":1629,"comment_status":"open","ping_status":"closed","template":"","meta":{"_kad_blocks_custom_css":"","_kad_blocks_head_custom_js":"","_kad_blocks_body_custom_js":"","_kad_blocks_footer_custom_js":"","_kad_post_transparent":"default","_kad_post_title":"","_kad_post_layout":"default","_kad_post_sidebar_id":"","_kad_post_content_style":"default","_kad_post_vertical_padding":"default","_kad_post_feature":"","_kad_post_feature_position":"","_kad_post_header":false,"_kad_post_footer":false},"product_brand":[],"product_cat":[34],"product_tag":[],"class_list":{"0":"post-1685","1":"product","2":"type-product","3":"status-publish","4":"has-post-thumbnail","6":"product_cat-modern-designed-monitor","8":"first","9":"instock","10":"shipping-taxable","11":"product-type-simple","12":"entry","13":"content-bg","14":"loop-entry"},"yoast_head":"<!-- This site is optimized with the Yoast SEO Premium plugin v20.5 (Yoast SEO v22.7) - https:\/\/yoast.com\/wordpress\/plugins\/seo\/ -->\n<title>ELED 215 Cool ID Monitor - WANSDA<\/title>\n<meta name=\"robots\" content=\"index, follow, max-snippet:-1, max-image-preview:large, max-video-preview:-1\" \/>\n<link rel=\"canonical\" href=\"https:\/\/wansda.net\/fr\/produit\/eled-215-cool-id-monitor\/\" \/>\n<meta property=\"og:locale\" content=\"fr_FR\" \/>\n<meta property=\"og:type\" content=\"article\" \/>\n<meta property=\"og:title\" content=\"ELED 215 Cool ID Monitor\" \/>\n<meta property=\"og:description\" content=\"MONITOR ELED215 Meet the needs of advanced users: -Colourful -Stylish appearance -Ultra high definition -Wide color gamut -High performance port -User-friendly design -Hi-tech application -Place of Origin: China -Also meet the needs of SOHO and home entertainment: -Outstanding entertainment experience Meet the needs of gamers -High refresh rate -Faster response time -Realistic colors -User-friendly design...\" \/>\n<meta property=\"og:url\" content=\"https:\/\/wansda.net\/fr\/produit\/eled-215-cool-id-monitor\/\" \/>\n<meta property=\"og:site_name\" content=\"WANSDA\" \/>\n<meta property=\"article:modified_time\" content=\"2023-10-14T14:13:28+00:00\" \/>\n<meta property=\"og:image\" content=\"https:\/\/wansda.net\/wp-content\/uploads\/2023\/10\/\u56fe\u7247-2-1.png\" \/>\n\t<meta property=\"og:image:width\" content=\"456\" \/>\n\t<meta property=\"og:image:height\" content=\"527\" \/>\n\t<meta property=\"og:image:type\" content=\"image\/png\" \/>\n<meta name=\"twitter:card\" content=\"summary_large_image\" \/>\n<meta name=\"twitter:label1\" content=\"Dur\u00e9e de lecture estim\u00e9e\" \/>\n\t<meta name=\"twitter:data1\" content=\"1 minute\" \/>\n<script type=\"application\/ld+json\" class=\"yoast-schema-graph\">{\"@context\":\"https:\/\/schema.org\",\"@graph\":[{\"@type\":\"WebPage\",\"@id\":\"https:\/\/wansda.net\/product\/eled-215-cool-id-monitor\/\",\"url\":\"https:\/\/wansda.net\/product\/eled-215-cool-id-monitor\/\",\"name\":\"ELED 215 Cool ID Monitor - WANSDA\",\"isPartOf\":{\"@id\":\"https:\/\/wansda.net\/#website\"},\"primaryImageOfPage\":{\"@id\":\"https:\/\/wansda.net\/product\/eled-215-cool-id-monitor\/#primaryimage\"},\"image\":{\"@id\":\"https:\/\/wansda.net\/product\/eled-215-cool-id-monitor\/#primaryimage\"},\"thumbnailUrl\":\"https:\/\/wansda.net\/wp-content\/uploads\/2023\/10\/\u56fe\u7247-2-1.png\",\"datePublished\":\"2023-10-14T14:13:26+00:00\",\"dateModified\":\"2023-10-14T14:13:28+00:00\",\"breadcrumb\":{\"@id\":\"https:\/\/wansda.net\/product\/eled-215-cool-id-monitor\/#breadcrumb\"},\"inLanguage\":\"fr-FR\",\"potentialAction\":[{\"@type\":\"ReadAction\",\"target\":[\"https:\/\/wansda.net\/product\/eled-215-cool-id-monitor\/\"]}]},{\"@type\":\"ImageObject\",\"inLanguage\":\"fr-FR\",\"@id\":\"https:\/\/wansda.net\/product\/eled-215-cool-id-monitor\/#primaryimage\",\"url\":\"https:\/\/wansda.net\/wp-content\/uploads\/2023\/10\/\u56fe\u7247-2-1.png\",\"contentUrl\":\"https:\/\/wansda.net\/wp-content\/uploads\/2023\/10\/\u56fe\u7247-2-1.png\",\"width\":456,\"height\":527},{\"@type\":\"BreadcrumbList\",\"@id\":\"https:\/\/wansda.net\/product\/eled-215-cool-id-monitor\/#breadcrumb\",\"itemListElement\":[{\"@type\":\"ListItem\",\"position\":1,\"name\":\"Home\",\"item\":\"https:\/\/wansda.net\/\"},{\"@type\":\"ListItem\",\"position\":2,\"name\":\"Product\",\"item\":\"https:\/\/wansda.net\/product\/\"},{\"@type\":\"ListItem\",\"position\":3,\"name\":\"ELED 215 Cool ID Monitor\"}]},{\"@type\":\"WebSite\",\"@id\":\"https:\/\/wansda.net\/#website\",\"url\":\"https:\/\/wansda.net\/\",\"name\":\"WANSDA\",\"description\":\"WANSDA\",\"publisher\":{\"@id\":\"https:\/\/wansda.net\/#organization\"},\"potentialAction\":[{\"@type\":\"SearchAction\",\"target\":{\"@type\":\"EntryPoint\",\"urlTemplate\":\"https:\/\/wansda.net\/?s={search_term_string}\"},\"query-input\":\"required name=search_term_string\"}],\"inLanguage\":\"fr-FR\"},{\"@type\":\"Organization\",\"@id\":\"https:\/\/wansda.net\/#organization\",\"name\":\"WANSDA\",\"url\":\"https:\/\/wansda.net\/\",\"logo\":{\"@type\":\"ImageObject\",\"inLanguage\":\"fr-FR\",\"@id\":\"https:\/\/wansda.net\/#\/schema\/logo\/image\/\",\"url\":\"https:\/\/wansda.net\/wp-content\/uploads\/2023\/10\/cropped-774ac2eb264f88d7de1cdded4021f93.jpg\",\"contentUrl\":\"https:\/\/wansda.net\/wp-content\/uploads\/2023\/10\/cropped-774ac2eb264f88d7de1cdded4021f93.jpg\",\"width\":1039,\"height\":252,\"caption\":\"WANSDA\"},\"image\":{\"@id\":\"https:\/\/wansda.net\/#\/schema\/logo\/image\/\"}}]}<\/script>\n<!-- \/ Yoast SEO Premium plugin. -->","yoast_head_json":{"title":"ELED 215 Cool ID Monitor - WANSDA","robots":{"index":"index","follow":"follow","max-snippet":"max-snippet:-1","max-image-preview":"max-image-preview:large","max-video-preview":"max-video-preview:-1"},"canonical":"https:\/\/wansda.net\/fr\/produit\/eled-215-cool-id-monitor\/","og_locale":"fr_FR","og_type":"article","og_title":"ELED 215 Cool ID Monitor","og_description":"MONITOR ELED215 Meet the needs of advanced users: -Colourful -Stylish appearance -Ultra high definition -Wide color gamut -High performance port -User-friendly design -Hi-tech application -Place of Origin: China -Also meet the needs of SOHO and home entertainment: -Outstanding entertainment experience Meet the needs of gamers -High refresh rate -Faster response time -Realistic colors -User-friendly design...","og_url":"https:\/\/wansda.net\/fr\/produit\/eled-215-cool-id-monitor\/","og_site_name":"WANSDA","article_modified_time":"2023-10-14T14:13:28+00:00","og_image":[{"width":456,"height":527,"url":"https:\/\/wansda.net\/wp-content\/uploads\/2023\/10\/\u56fe\u7247-2-1.png","type":"image\/png"}],"twitter_card":"summary_large_image","twitter_misc":{"Dur\u00e9e de lecture estim\u00e9e":"1 minute"},"schema":{"@context":"https:\/\/schema.org","@graph":[{"@type":"WebPage","@id":"https:\/\/wansda.net\/product\/eled-215-cool-id-monitor\/","url":"https:\/\/wansda.net\/product\/eled-215-cool-id-monitor\/","name":"ELED 215 Cool ID Monitor - WANSDA","isPartOf":{"@id":"https:\/\/wansda.net\/#website"},"primaryImageOfPage":{"@id":"https:\/\/wansda.net\/product\/eled-215-cool-id-monitor\/#primaryimage"},"image":{"@id":"https:\/\/wansda.net\/product\/eled-215-cool-id-monitor\/#primaryimage"},"thumbnailUrl":"https:\/\/wansda.net\/wp-content\/uploads\/2023\/10\/\u56fe\u7247-2-1.png","datePublished":"2023-10-14T14:13:26+00:00","dateModified":"2023-10-14T14:13:28+00:00","breadcrumb":{"@id":"https:\/\/wansda.net\/product\/eled-215-cool-id-monitor\/#breadcrumb"},"inLanguage":"fr-FR","potentialAction":[{"@type":"ReadAction","target":["https:\/\/wansda.net\/product\/eled-215-cool-id-monitor\/"]}]},{"@type":"ImageObject","inLanguage":"fr-FR","@id":"https:\/\/wansda.net\/product\/eled-215-cool-id-monitor\/#primaryimage","url":"https:\/\/wansda.net\/wp-content\/uploads\/2023\/10\/\u56fe\u7247-2-1.png","contentUrl":"https:\/\/wansda.net\/wp-content\/uploads\/2023\/10\/\u56fe\u7247-2-1.png","width":456,"height":527},{"@type":"BreadcrumbList","@id":"https:\/\/wansda.net\/product\/eled-215-cool-id-monitor\/#breadcrumb","itemListElement":[{"@type":"ListItem","position":1,"name":"Home","item":"https:\/\/wansda.net\/"},{"@type":"ListItem","position":2,"name":"Product","item":"https:\/\/wansda.net\/product\/"},{"@type":"ListItem","position":3,"name":"ELED 215 Cool ID Monitor"}]},{"@type":"WebSite","@id":"https:\/\/wansda.net\/#website","url":"https:\/\/wansda.net\/","name":"WANSDA","description":"WANSDA","publisher":{"@id":"https:\/\/wansda.net\/#organization"},"potentialAction":[{"@type":"SearchAction","target":{"@type":"EntryPoint","urlTemplate":"https:\/\/wansda.net\/?s={search_term_string}"},"query-input":"required name=search_term_string"}],"inLanguage":"fr-FR"},{"@type":"Organization","@id":"https:\/\/wansda.net\/#organization","name":"WANSDA","url":"https:\/\/wansda.net\/","logo":{"@type":"ImageObject","inLanguage":"fr-FR","@id":"https:\/\/wansda.net\/#\/schema\/logo\/image\/","url":"https:\/\/wansda.net\/wp-content\/uploads\/2023\/10\/cropped-774ac2eb264f88d7de1cdded4021f93.jpg","contentUrl":"https:\/\/wansda.net\/wp-content\/uploads\/2023\/10\/cropped-774ac2eb264f88d7de1cdded4021f93.jpg","width":1039,"height":252,"caption":"WANSDA"},"image":{"@id":"https:\/\/wansda.net\/#\/schema\/logo\/image\/"}}]}},"taxonomy_info":{"product_cat":[{"value":34,"label":"MODERN-DESIGNED MONITOR"}]},"featured_image_src_large":["https:\/\/wansda.net\/wp-content\/uploads\/2023\/10\/\u56fe\u7247-2-1.png",456,527,false],"author_info":[],"comment_info":0,"_links":{"self":[{"href":"https:\/\/wansda.net\/fr\/wp-json\/wp\/v2\/product\/1685","targetHints":{"allow":["GET"]}}],"collection":[{"href":"https:\/\/wansda.net\/fr\/wp-json\/wp\/v2\/product"}],"about":[{"href":"https:\/\/wansda.net\/fr\/wp-json\/wp\/v2\/types\/product"}],"replies":[{"embeddable":true,"href":"https:\/\/wansda.net\/fr\/wp-json\/wp\/v2\/comments?post=1685"}],"wp:featuredmedia":[{"embeddable":true,"href":"https:\/\/wansda.net\/fr\/wp-json\/wp\/v2\/media\/1629"}],"wp:attachment":[{"href":"https:\/\/wansda.net\/fr\/wp-json\/wp\/v2\/media?parent=1685"}],"wp:term":[{"taxonomy":"product_brand","embeddable":true,"href":"https:\/\/wansda.net\/fr\/wp-json\/wp\/v2\/product_brand?post=1685"},{"taxonomy":"product_cat","embeddable":true,"href":"https:\/\/wansda.net\/fr\/wp-json\/wp\/v2\/product_cat?post=1685"},{"taxonomy":"product_tag","embeddable":true,"href":"https:\/\/wansda.net\/fr\/wp-json\/wp\/v2\/product_tag?post=1685"}],"curies":[{"name":"wp","href":"https:\/\/api.w.org\/{rel}","templated":true}]}}